{"id":227,"date":"2022-09-05T14:00:15","date_gmt":"2022-09-05T14:00:15","guid":{"rendered":"https:\/\/jarmuhonositas.hu\/kosar\/"},"modified":"2022-09-05T14:00:15","modified_gmt":"2022-09-05T14:00:15","slug":"kosar","status":"publish","type":"page","link":"https:\/\/jarmuhonositas.hu\/en\/kosar\/","title":{"rendered":"Kos\u00e1r"},"content":{"rendered":"","protected":false},"excerpt":{"rendered":"","protected":false},"author":1,"featured_media":0,"parent":0,"menu_order":0,"comment_status":"closed","ping_status":"closed","template":"","meta":{"_et_pb_use_builder":"","_et_pb_old_content":"","_et_gb_content_width":"","footnotes":""},"class_list":["post-227","page","type-page","status-publish","hentry"],"yoast_head":"<!-- This site is optimized with the Yoast SEO plugin v22.8 - https:\/\/yoast.com\/wordpress\/plugins\/seo\/ -->\n<title>Kos\u00e1r - G\u00e9pj\u00e1rm\u0171 honos\u00edt\u00e1s<\/title>\n<meta name=\"description\" content=\"Kos\u00e1r G\u00e9pj\u00e1rm\u0171 honos\u00edt\u00e1s -\" \/>\n<meta name=\"robots\" content=\"index, follow, max-snippet:-1, max-image-preview:large, max-video-preview:-1\" \/>\n<link rel=\"canonical\" href=\"https:\/\/jarmuhonositas.hu\/en\/kosar\/\" \/>\n<meta property=\"og:locale\" content=\"en_GB\" \/>\n<meta property=\"og:type\" content=\"article\" \/>\n<meta property=\"og:title\" content=\"Kos\u00e1r - G\u00e9pj\u00e1rm\u0171 honos\u00edt\u00e1s\" \/>\n<meta property=\"og:description\" content=\"Kos\u00e1r G\u00e9pj\u00e1rm\u0171 honos\u00edt\u00e1s -\" \/>\n<meta property=\"og:url\" content=\"https:\/\/jarmuhonositas.hu\/en\/kosar\/\" \/>\n<meta property=\"og:site_name\" content=\"G\u00e9pj\u00e1rm\u0171 honos\u00edt\u00e1s\" \/>\n<meta property=\"og:image\" content=\"https:\/\/i0.wp.com\/jarmuhonositas.hu\/wp-content\/uploads\/2022\/08\/cropped-2640505b01da45d1bf2c26e504ae49e4-1.png?fit=512%2C512&ssl=1\" \/>\n\t<meta property=\"og:image:width\" content=\"512\" \/>\n\t<meta property=\"og:image:height\" content=\"512\" \/>\n\t<meta property=\"og:image:type\" content=\"image\/png\" \/>\n<meta name=\"twitter:card\" content=\"summary_large_image\" \/>\n<script type=\"application\/ld+json\" class=\"yoast-schema-graph\">{\"@context\":\"https:\/\/schema.org\",\"@graph\":[{\"@type\":\"WebPage\",\"@id\":\"https:\/\/jarmuhonositas.hu\/kosar\/\",\"url\":\"https:\/\/jarmuhonositas.hu\/kosar\/\",\"name\":\"Kos\u00e1r - G\u00e9pj\u00e1rm\u0171 honos\u00edt\u00e1s\",\"isPartOf\":{\"@id\":\"https:\/\/jarmuhonositas.hu\/#website\"},\"datePublished\":\"2022-09-05T14:00:15+00:00\",\"dateModified\":\"2022-09-05T14:00:15+00:00\",\"description\":\"Kos\u00e1r G\u00e9pj\u00e1rm\u0171 honos\u00edt\u00e1s -\",\"breadcrumb\":{\"@id\":\"https:\/\/jarmuhonositas.hu\/kosar\/#breadcrumb\"},\"inLanguage\":\"en-GB\",\"potentialAction\":[{\"@type\":\"ReadAction\",\"target\":[\"https:\/\/jarmuhonositas.hu\/kosar\/\"]}]},{\"@type\":\"BreadcrumbList\",\"@id\":\"https:\/\/jarmuhonositas.hu\/kosar\/#breadcrumb\",\"itemListElement\":[{\"@type\":\"ListItem\",\"position\":1,\"name\":\"Kezd\u0151lap\",\"item\":\"https:\/\/jarmuhonositas.hu\/\"},{\"@type\":\"ListItem\",\"position\":2,\"name\":\"Kos\u00e1r\"}]},{\"@type\":\"WebSite\",\"@id\":\"https:\/\/jarmuhonositas.hu\/#website\",\"url\":\"https:\/\/jarmuhonositas.hu\/\",\"name\":\"G\u00e9pj\u00e1rm\u0171 honos\u00edt\u00e1s\",\"description\":\"C\u00e9g\u00fcnk m\u00e1r 15 \u00e9ve foglalkozik g\u00e9pj\u00e1rm\u0171 honos\u00edt\u00e1ssal \u00e9s forgalomba helyez\u00e9ssel belf\u00f6ld\u00f6n \u00e9s k\u00fclf\u00f6ld\u00f6n egyat\u00e1nt. S\u0151t, el is hozzuk \u00d6nnek j\u00e1rm\u0171v\u00e9t.\",\"publisher\":{\"@id\":\"https:\/\/jarmuhonositas.hu\/#organization\"},\"alternateName\":\"J\u00e1rm\u0171 honos\u00edt\u00e1s\",\"potentialAction\":[{\"@type\":\"SearchAction\",\"target\":{\"@type\":\"EntryPoint\",\"urlTemplate\":\"https:\/\/jarmuhonositas.hu\/?s={search_term_string}\"},\"query-input\":\"required name=search_term_string\"}],\"inLanguage\":\"en-GB\"},{\"@type\":\"Organization\",\"@id\":\"https:\/\/jarmuhonositas.hu\/#organization\",\"name\":\"G\u00e9pj\u00e1rm\u0171 honos\u00edt\u00e1s\",\"url\":\"https:\/\/jarmuhonositas.hu\/\",\"logo\":{\"@type\":\"ImageObject\",\"inLanguage\":\"en-GB\",\"@id\":\"https:\/\/jarmuhonositas.hu\/#\/schema\/logo\/image\/\",\"url\":\"https:\/\/jarmuhonositas.hu\/wp-content\/uploads\/2022\/08\/cropped-2640505b01da45d1bf2c26e504ae49e4-1.png\",\"contentUrl\":\"https:\/\/jarmuhonositas.hu\/wp-content\/uploads\/2022\/08\/cropped-2640505b01da45d1bf2c26e504ae49e4-1.png\",\"width\":512,\"height\":512,\"caption\":\"G\u00e9pj\u00e1rm\u0171 honos\u00edt\u00e1s\"},\"image\":{\"@id\":\"https:\/\/jarmuhonositas.hu\/#\/schema\/logo\/image\/\"}}]}<\/script>\n<!-- \/ Yoast SEO plugin. -->","yoast_head_json":{"title":"Kos\u00e1r - G\u00e9pj\u00e1rm\u0171 honos\u00edt\u00e1s","description":"Kos\u00e1r G\u00e9pj\u00e1rm\u0171 honos\u00edt\u00e1s -","robots":{"index":"index","follow":"follow","max-snippet":"max-snippet:-1","max-image-preview":"max-image-preview:large","max-video-preview":"max-video-preview:-1"},"canonical":"https:\/\/jarmuhonositas.hu\/en\/kosar\/","og_locale":"en_GB","og_type":"article","og_title":"Kos\u00e1r - G\u00e9pj\u00e1rm\u0171 honos\u00edt\u00e1s","og_description":"Kos\u00e1r G\u00e9pj\u00e1rm\u0171 honos\u00edt\u00e1s -","og_url":"https:\/\/jarmuhonositas.hu\/en\/kosar\/","og_site_name":"G\u00e9pj\u00e1rm\u0171 honos\u00edt\u00e1s","og_image":[{"width":512,"height":512,"url":"https:\/\/i0.wp.com\/jarmuhonositas.hu\/wp-content\/uploads\/2022\/08\/cropped-2640505b01da45d1bf2c26e504ae49e4-1.png?fit=512%2C512&ssl=1","type":"image\/png"}],"twitter_card":"summary_large_image","schema":{"@context":"https:\/\/schema.org","@graph":[{"@type":"WebPage","@id":"https:\/\/jarmuhonositas.hu\/kosar\/","url":"https:\/\/jarmuhonositas.hu\/kosar\/","name":"Kos\u00e1r - G\u00e9pj\u00e1rm\u0171 honos\u00edt\u00e1s","isPartOf":{"@id":"https:\/\/jarmuhonositas.hu\/#website"},"datePublished":"2022-09-05T14:00:15+00:00","dateModified":"2022-09-05T14:00:15+00:00","description":"Kos\u00e1r G\u00e9pj\u00e1rm\u0171 honos\u00edt\u00e1s -","breadcrumb":{"@id":"https:\/\/jarmuhonositas.hu\/kosar\/#breadcrumb"},"inLanguage":"en-GB","potentialAction":[{"@type":"ReadAction","target":["https:\/\/jarmuhonositas.hu\/kosar\/"]}]},{"@type":"BreadcrumbList","@id":"https:\/\/jarmuhonositas.hu\/kosar\/#breadcrumb","itemListElement":[{"@type":"ListItem","position":1,"name":"Kezd\u0151lap","item":"https:\/\/jarmuhonositas.hu\/"},{"@type":"ListItem","position":2,"name":"Kos\u00e1r"}]},{"@type":"WebSite","@id":"https:\/\/jarmuhonositas.hu\/#website","url":"https:\/\/jarmuhonositas.hu\/","name":"G\u00e9pj\u00e1rm\u0171 honos\u00edt\u00e1s","description":"C\u00e9g\u00fcnk m\u00e1r 15 \u00e9ve foglalkozik g\u00e9pj\u00e1rm\u0171 honos\u00edt\u00e1ssal \u00e9s forgalomba helyez\u00e9ssel belf\u00f6ld\u00f6n \u00e9s k\u00fclf\u00f6ld\u00f6n egyat\u00e1nt. S\u0151t, el is hozzuk \u00d6nnek j\u00e1rm\u0171v\u00e9t.","publisher":{"@id":"https:\/\/jarmuhonositas.hu\/#organization"},"alternateName":"J\u00e1rm\u0171 honos\u00edt\u00e1s","potentialAction":[{"@type":"SearchAction","target":{"@type":"EntryPoint","urlTemplate":"https:\/\/jarmuhonositas.hu\/?s={search_term_string}"},"query-input":"required name=search_term_string"}],"inLanguage":"en-GB"},{"@type":"Organization","@id":"https:\/\/jarmuhonositas.hu\/#organization","name":"G\u00e9pj\u00e1rm\u0171 honos\u00edt\u00e1s","url":"https:\/\/jarmuhonositas.hu\/","logo":{"@type":"ImageObject","inLanguage":"en-GB","@id":"https:\/\/jarmuhonositas.hu\/#\/schema\/logo\/image\/","url":"https:\/\/jarmuhonositas.hu\/wp-content\/uploads\/2022\/08\/cropped-2640505b01da45d1bf2c26e504ae49e4-1.png","contentUrl":"https:\/\/jarmuhonositas.hu\/wp-content\/uploads\/2022\/08\/cropped-2640505b01da45d1bf2c26e504ae49e4-1.png","width":512,"height":512,"caption":"G\u00e9pj\u00e1rm\u0171 honos\u00edt\u00e1s"},"image":{"@id":"https:\/\/jarmuhonositas.hu\/#\/schema\/logo\/image\/"}}]}},"jetpack_sharing_enabled":true,"_links":{"self":[{"href":"https:\/\/jarmuhonositas.hu\/en\/wp-json\/wp\/v2\/pages\/227","targetHints":{"allow":["GET"]}}],"collection":[{"href":"https:\/\/jarmuhonositas.hu\/en\/wp-json\/wp\/v2\/pages"}],"about":[{"href":"https:\/\/jarmuhonositas.hu\/en\/wp-json\/wp\/v2\/types\/page"}],"author":[{"embeddable":true,"href":"https:\/\/jarmuhonositas.hu\/en\/wp-json\/wp\/v2\/users\/1"}],"replies":[{"embeddable":true,"href":"https:\/\/jarmuhonositas.hu\/en\/wp-json\/wp\/v2\/comments?post=227"}],"version-history":[{"count":0,"href":"https:\/\/jarmuhonositas.hu\/en\/wp-json\/wp\/v2\/pages\/227\/revisions"}],"wp:attachment":[{"href":"https:\/\/jarmuhonositas.hu\/en\/wp-json\/wp\/v2\/media?parent=227"}],"curies":[{"name":"wp","href":"https:\/\/api.w.org\/{rel}","templated":true}]}}