{"id":3812,"date":"2025-08-13T11:11:04","date_gmt":"2025-08-13T11:11:04","guid":{"rendered":"https:\/\/jarmuhonositas.hu\/?page_id=3812"},"modified":"2025-08-13T11:12:13","modified_gmt":"2025-08-13T11:12:13","slug":"expressz-ugyintezes","status":"publish","type":"page","link":"https:\/\/jarmuhonositas.hu\/en\/expressz-ugyintezes\/","title":{"rendered":"Expressz \u00fcgyint\u00e9z\u00e9s"},"content":{"rendered":"<h4 class=\"wp-block-heading\">\u00daj vizsgapartnereink \u2013 Gyors, jogszab\u00e1lyoknak megfelel\u0151 \u00fcgyint\u00e9z\u00e9s<\/h4>\n\n\n\n<p>Rendelkez\u00fcnk \u00faj, megb\u00edzhat\u00f3 vizsgapartnerekkel, akik a jogszab\u00e1lyi keretek k\u00f6z\u00f6tt ak\u00e1r <strong>24 \u00f3r\u00e1n bel\u00fcl vizsgaid\u0151pontot<\/strong> tudnak biztos\u00edtani.<br>Ennek k\u00f6sz\u00f6nhet\u0151en r\u00f6vid hat\u00e1rid\u0151vel v\u00e1llaljuk:<\/p>\n\n\n\n<ul class=\"wp-block-list\">\n<li>m\u0171szaki vizsg\u00e1ztat\u00e1s<\/li>\n\n\n\n<li>forgalomba helyez\u00e9s<\/li>\n\n\n\n<li>honos\u00edt\u00e1s<\/li>\n<\/ul>\n\n\n\n<h4 class=\"wp-block-heading\">Felt\u00e9telek<\/h4>\n\n\n\n<p><strong>\u00c9rv\u00e9nyes vagy lej\u00e1rt k\u00fclf\u00f6ldi okm\u00e1nyok eset\u00e9n is:<\/strong><\/p>\n\n\n\n<ul class=\"wp-block-list\">\n<li>Lej\u00e1rt k\u00fclf\u00f6ldi okm\u00e1nyokn\u00e1l sz\u00fcks\u00e9ges a lej\u00e1rt vizsgalap, vagy a forgalmi enged\u00e9lyben egy\u00e9rtelm\u0171en l\u00e1that\u00f3 lej\u00e1rati d\u00e1tum.<\/li>\n\n\n\n<li>\u00c9rv\u00e9nyes m\u0171szaki vizsga honos\u00edt\u00e1sakor is k\u00f6telez\u0151 a vizsgalap.<\/li>\n\n\n\n<li>Hasznos, ha rendelkez\u00e9sre \u00e1ll a <strong>COC tan\u00fas\u00edtv\u00e1ny<\/strong> vagy b\u00e1rmilyen m\u0171szaki adatk\u00f6zl\u0151 dokumentum.<\/li>\n<\/ul>\n\n\n\n<p><strong>Hi\u00e1nyz\u00f3 dokumentumok eset\u00e9n:<\/strong><br>Szerz\u0151d\u00f6tt vizsgapartnereink k\u00e9pesek a hi\u00e1nyz\u00f3 iratok p\u00f3tl\u00e1s\u00e1ban is seg\u00edteni.<\/p>\n\n\n\n<p><em>A m\u0171szaki vizsga d\u00edja vizsga\u00e1llom\u00e1sonk\u00e9nt elt\u00e9rhet.<\/em><\/p>\n\n\n\n<h4 class=\"wp-block-heading\">NKH-k\u00f6teles esetek<\/h4>\n\n\n\n<p>Bizonyos j\u00e1rm\u0171vek eset\u00e9ben tov\u00e1bbra is kiz\u00e1r\u00f3lag az <strong>NKH<\/strong> (Nemzeti K\u00f6zleked\u00e9si Hat\u00f3s\u00e1g) v\u00e9gezheti a vizsg\u00e1ztat\u00e1st:<\/p>\n\n\n\n<ul class=\"wp-block-list\">\n<li>Harmadik orsz\u00e1gb\u00f3l sz\u00e1rmaz\u00f3 j\u00e1rm\u0171vek<br><em>(pl. Anglia, Sv\u00e1jc, USA, Egyes\u00fclt Arab Em\u00edrs\u00e9gek, Oroszorsz\u00e1g, Ukrajna)<\/em><\/li>\n\n\n\n<li>\u00daj j\u00e1rm\u0171vek honos\u00edt\u00e1sa<\/li>\n\n\n\n<li>Egyedi vizsg\u00e1k, \u00e1talak\u00edt\u00e1s ut\u00e1ni enged\u00e9lyeztet\u00e9s, szeml\u00e9k<\/li>\n\n\n\n<li>Lej\u00e1rt k\u00fclf\u00f6ldi m\u0171szaki vizsg\u00e1j\u00fa j\u00e1rm\u0171vek, ha:\n<ul class=\"wp-block-list\">\n<li>nincs vizsgalap<\/li>\n\n\n\n<li>a forgalmiban nem szerepel vagy nem egy\u00e9rtelm\u0171 a lej\u00e1rati d\u00e1tum<br><em>(gyakori pl. Ausztria, Olaszorsz\u00e1g eset\u00e9n)<\/em><\/li>\n<\/ul>\n<\/li>\n\n\n\n<li>Hi\u00e1nyos dokument\u00e1ci\u00f3val rendelkez\u0151, sz\u00e1rmaz\u00e1s-ellen\u0151rz\u00f6tt j\u00e1rm\u0171vek<\/li>\n\n\n\n<li>Olyan j\u00e1rm\u0171vek, amelyekn\u00e9l a forgalmi \u201eK\u201d mez\u0151j\u00e9ben nincs eur\u00f3pai j\u00f3v\u00e1hagy\u00e1s<\/li>\n\n\n\n<li>Amelyek a lek\u00e9rdez\u00e9s ut\u00e1n <strong>nem szerepelnek a K\u00d6KIV rendszer\u00e9ben<\/strong><\/li>\n<\/ul>\n\n\n\n<p>El\u00e9rhet\u0151s\u00e9geink<\/p>\n\n\n\n<p>&#8211; <a href=\"Tel:tel: 36707555705\">+36707555705<\/a><\/p>\n\n\n\n<p>&#8211; jarmuhonositasiroda@gmail.com<\/p>\n\n\n\n<p><\/p>","protected":false},"excerpt":{"rendered":"<p>\u00daj vizsgapartnereink \u2013 Gyors, jogszab\u00e1lyoknak megfelel\u0151 \u00fcgyint\u00e9z\u00e9s Rendelkez\u00fcnk \u00faj, megb\u00edzhat\u00f3 vizsgapartnerekkel, akik a jogszab\u00e1lyi keretek k\u00f6z\u00f6tt ak\u00e1r 24 \u00f3r\u00e1n bel\u00fcl vizsgaid\u0151pontot tudnak biztos\u00edtani.Ennek k\u00f6sz\u00f6nhet\u0151en r\u00f6vid hat\u00e1rid\u0151vel v\u00e1llaljuk: Felt\u00e9telek \u00c9rv\u00e9nyes vagy lej\u00e1rt k\u00fclf\u00f6ldi okm\u00e1nyok eset\u00e9n is: Hi\u00e1nyz\u00f3 dokumentumok eset\u00e9n:Szerz\u0151d\u00f6tt vizsgapartnereink k\u00e9pesek a hi\u00e1nyz\u00f3 iratok p\u00f3tl\u00e1s\u00e1ban is seg\u00edteni. A m\u0171szaki vizsga d\u00edja vizsga\u00e1llom\u00e1sonk\u00e9nt elt\u00e9rhet. NKH-k\u00f6teles esetek Bizonyos [&hellip;]<\/p>","protected":false},"author":1,"featured_media":0,"parent":0,"menu_order":0,"comment_status":"closed","ping_status":"closed","template":"","meta":{"_et_pb_use_builder":"off","_et_pb_old_content":"","_et_gb_content_width":"","footnotes":""},"class_list":["post-3812","page","type-page","status-publish","hentry"],"yoast_head":"<!-- This site is optimized with the Yoast SEO plugin v22.8 - https:\/\/yoast.com\/wordpress\/plugins\/seo\/ -->\n<title>Expressz \u00fcgyint\u00e9z\u00e9s - G\u00e9pj\u00e1rm\u0171 honos\u00edt\u00e1s<\/title>\n<meta name=\"description\" content=\"Expressz \u00fcgyint\u00e9z\u00e9s G\u00e9pj\u00e1rm\u0171 honos\u00edt\u00e1s -\" \/>\n<meta name=\"robots\" content=\"index, follow, max-snippet:-1, max-image-preview:large, max-video-preview:-1\" \/>\n<link rel=\"canonical\" href=\"https:\/\/jarmuhonositas.hu\/en\/expressz-ugyintezes\/\" \/>\n<meta property=\"og:locale\" content=\"en_GB\" \/>\n<meta property=\"og:type\" content=\"article\" \/>\n<meta property=\"og:title\" content=\"Expressz \u00fcgyint\u00e9z\u00e9s - G\u00e9pj\u00e1rm\u0171 honos\u00edt\u00e1s\" \/>\n<meta property=\"og:description\" content=\"Expressz \u00fcgyint\u00e9z\u00e9s G\u00e9pj\u00e1rm\u0171 honos\u00edt\u00e1s -\" \/>\n<meta property=\"og:url\" content=\"https:\/\/jarmuhonositas.hu\/en\/expressz-ugyintezes\/\" \/>\n<meta property=\"og:site_name\" content=\"G\u00e9pj\u00e1rm\u0171 honos\u00edt\u00e1s\" \/>\n<meta property=\"article:modified_time\" content=\"2025-08-13T11:12:13+00:00\" \/>\n<meta property=\"og:image\" content=\"https:\/\/i0.wp.com\/jarmuhonositas.hu\/wp-content\/uploads\/2022\/08\/cropped-2640505b01da45d1bf2c26e504ae49e4-1.png?fit=512%2C512&ssl=1\" \/>\n\t<meta property=\"og:image:width\" content=\"512\" \/>\n\t<meta property=\"og:image:height\" content=\"512\" \/>\n\t<meta property=\"og:image:type\" content=\"image\/png\" \/>\n<meta name=\"twitter:card\" content=\"summary_large_image\" \/>\n<script type=\"application\/ld+json\" class=\"yoast-schema-graph\">{\"@context\":\"https:\/\/schema.org\",\"@graph\":[{\"@type\":\"WebPage\",\"@id\":\"https:\/\/jarmuhonositas.hu\/expressz-ugyintezes\/\",\"url\":\"https:\/\/jarmuhonositas.hu\/expressz-ugyintezes\/\",\"name\":\"Expressz \u00fcgyint\u00e9z\u00e9s - G\u00e9pj\u00e1rm\u0171 honos\u00edt\u00e1s\",\"isPartOf\":{\"@id\":\"https:\/\/jarmuhonositas.hu\/#website\"},\"datePublished\":\"2025-08-13T11:11:04+00:00\",\"dateModified\":\"2025-08-13T11:12:13+00:00\",\"description\":\"Expressz \u00fcgyint\u00e9z\u00e9s G\u00e9pj\u00e1rm\u0171 honos\u00edt\u00e1s -\",\"breadcrumb\":{\"@id\":\"https:\/\/jarmuhonositas.hu\/expressz-ugyintezes\/#breadcrumb\"},\"inLanguage\":\"en-GB\",\"potentialAction\":[{\"@type\":\"ReadAction\",\"target\":[\"https:\/\/jarmuhonositas.hu\/expressz-ugyintezes\/\"]}]},{\"@type\":\"BreadcrumbList\",\"@id\":\"https:\/\/jarmuhonositas.hu\/expressz-ugyintezes\/#breadcrumb\",\"itemListElement\":[{\"@type\":\"ListItem\",\"position\":1,\"name\":\"Kezd\u0151lap\",\"item\":\"https:\/\/jarmuhonositas.hu\/\"},{\"@type\":\"ListItem\",\"position\":2,\"name\":\"Expressz \u00fcgyint\u00e9z\u00e9s\"}]},{\"@type\":\"WebSite\",\"@id\":\"https:\/\/jarmuhonositas.hu\/#website\",\"url\":\"https:\/\/jarmuhonositas.hu\/\",\"name\":\"G\u00e9pj\u00e1rm\u0171 honos\u00edt\u00e1s\",\"description\":\"C\u00e9g\u00fcnk m\u00e1r 15 \u00e9ve foglalkozik g\u00e9pj\u00e1rm\u0171 honos\u00edt\u00e1ssal \u00e9s forgalomba helyez\u00e9ssel belf\u00f6ld\u00f6n \u00e9s k\u00fclf\u00f6ld\u00f6n egyat\u00e1nt. S\u0151t, el is hozzuk \u00d6nnek j\u00e1rm\u0171v\u00e9t.\",\"publisher\":{\"@id\":\"https:\/\/jarmuhonositas.hu\/#organization\"},\"alternateName\":\"J\u00e1rm\u0171 honos\u00edt\u00e1s\",\"potentialAction\":[{\"@type\":\"SearchAction\",\"target\":{\"@type\":\"EntryPoint\",\"urlTemplate\":\"https:\/\/jarmuhonositas.hu\/?s={search_term_string}\"},\"query-input\":\"required name=search_term_string\"}],\"inLanguage\":\"en-GB\"},{\"@type\":\"Organization\",\"@id\":\"https:\/\/jarmuhonositas.hu\/#organization\",\"name\":\"G\u00e9pj\u00e1rm\u0171 honos\u00edt\u00e1s\",\"url\":\"https:\/\/jarmuhonositas.hu\/\",\"logo\":{\"@type\":\"ImageObject\",\"inLanguage\":\"en-GB\",\"@id\":\"https:\/\/jarmuhonositas.hu\/#\/schema\/logo\/image\/\",\"url\":\"https:\/\/jarmuhonositas.hu\/wp-content\/uploads\/2022\/08\/cropped-2640505b01da45d1bf2c26e504ae49e4-1.png\",\"contentUrl\":\"https:\/\/jarmuhonositas.hu\/wp-content\/uploads\/2022\/08\/cropped-2640505b01da45d1bf2c26e504ae49e4-1.png\",\"width\":512,\"height\":512,\"caption\":\"G\u00e9pj\u00e1rm\u0171 honos\u00edt\u00e1s\"},\"image\":{\"@id\":\"https:\/\/jarmuhonositas.hu\/#\/schema\/logo\/image\/\"}}]}<\/script>\n<!-- \/ Yoast SEO plugin. -->","yoast_head_json":{"title":"Expressz \u00fcgyint\u00e9z\u00e9s - G\u00e9pj\u00e1rm\u0171 honos\u00edt\u00e1s","description":"Expressz \u00fcgyint\u00e9z\u00e9s G\u00e9pj\u00e1rm\u0171 honos\u00edt\u00e1s -","robots":{"index":"index","follow":"follow","max-snippet":"max-snippet:-1","max-image-preview":"max-image-preview:large","max-video-preview":"max-video-preview:-1"},"canonical":"https:\/\/jarmuhonositas.hu\/en\/expressz-ugyintezes\/","og_locale":"en_GB","og_type":"article","og_title":"Expressz \u00fcgyint\u00e9z\u00e9s - G\u00e9pj\u00e1rm\u0171 honos\u00edt\u00e1s","og_description":"Expressz \u00fcgyint\u00e9z\u00e9s G\u00e9pj\u00e1rm\u0171 honos\u00edt\u00e1s -","og_url":"https:\/\/jarmuhonositas.hu\/en\/expressz-ugyintezes\/","og_site_name":"G\u00e9pj\u00e1rm\u0171 honos\u00edt\u00e1s","article_modified_time":"2025-08-13T11:12:13+00:00","og_image":[{"width":512,"height":512,"url":"https:\/\/i0.wp.com\/jarmuhonositas.hu\/wp-content\/uploads\/2022\/08\/cropped-2640505b01da45d1bf2c26e504ae49e4-1.png?fit=512%2C512&ssl=1","type":"image\/png"}],"twitter_card":"summary_large_image","schema":{"@context":"https:\/\/schema.org","@graph":[{"@type":"WebPage","@id":"https:\/\/jarmuhonositas.hu\/expressz-ugyintezes\/","url":"https:\/\/jarmuhonositas.hu\/expressz-ugyintezes\/","name":"Expressz \u00fcgyint\u00e9z\u00e9s - G\u00e9pj\u00e1rm\u0171 honos\u00edt\u00e1s","isPartOf":{"@id":"https:\/\/jarmuhonositas.hu\/#website"},"datePublished":"2025-08-13T11:11:04+00:00","dateModified":"2025-08-13T11:12:13+00:00","description":"Expressz \u00fcgyint\u00e9z\u00e9s G\u00e9pj\u00e1rm\u0171 honos\u00edt\u00e1s -","breadcrumb":{"@id":"https:\/\/jarmuhonositas.hu\/expressz-ugyintezes\/#breadcrumb"},"inLanguage":"en-GB","potentialAction":[{"@type":"ReadAction","target":["https:\/\/jarmuhonositas.hu\/expressz-ugyintezes\/"]}]},{"@type":"BreadcrumbList","@id":"https:\/\/jarmuhonositas.hu\/expressz-ugyintezes\/#breadcrumb","itemListElement":[{"@type":"ListItem","position":1,"name":"Kezd\u0151lap","item":"https:\/\/jarmuhonositas.hu\/"},{"@type":"ListItem","position":2,"name":"Expressz \u00fcgyint\u00e9z\u00e9s"}]},{"@type":"WebSite","@id":"https:\/\/jarmuhonositas.hu\/#website","url":"https:\/\/jarmuhonositas.hu\/","name":"G\u00e9pj\u00e1rm\u0171 honos\u00edt\u00e1s","description":"C\u00e9g\u00fcnk m\u00e1r 15 \u00e9ve foglalkozik g\u00e9pj\u00e1rm\u0171 honos\u00edt\u00e1ssal \u00e9s forgalomba helyez\u00e9ssel belf\u00f6ld\u00f6n \u00e9s k\u00fclf\u00f6ld\u00f6n egyat\u00e1nt. S\u0151t, el is hozzuk \u00d6nnek j\u00e1rm\u0171v\u00e9t.","publisher":{"@id":"https:\/\/jarmuhonositas.hu\/#organization"},"alternateName":"J\u00e1rm\u0171 honos\u00edt\u00e1s","potentialAction":[{"@type":"SearchAction","target":{"@type":"EntryPoint","urlTemplate":"https:\/\/jarmuhonositas.hu\/?s={search_term_string}"},"query-input":"required name=search_term_string"}],"inLanguage":"en-GB"},{"@type":"Organization","@id":"https:\/\/jarmuhonositas.hu\/#organization","name":"G\u00e9pj\u00e1rm\u0171 honos\u00edt\u00e1s","url":"https:\/\/jarmuhonositas.hu\/","logo":{"@type":"ImageObject","inLanguage":"en-GB","@id":"https:\/\/jarmuhonositas.hu\/#\/schema\/logo\/image\/","url":"https:\/\/jarmuhonositas.hu\/wp-content\/uploads\/2022\/08\/cropped-2640505b01da45d1bf2c26e504ae49e4-1.png","contentUrl":"https:\/\/jarmuhonositas.hu\/wp-content\/uploads\/2022\/08\/cropped-2640505b01da45d1bf2c26e504ae49e4-1.png","width":512,"height":512,"caption":"G\u00e9pj\u00e1rm\u0171 honos\u00edt\u00e1s"},"image":{"@id":"https:\/\/jarmuhonositas.hu\/#\/schema\/logo\/image\/"}}]}},"jetpack_sharing_enabled":true,"_links":{"self":[{"href":"https:\/\/jarmuhonositas.hu\/en\/wp-json\/wp\/v2\/pages\/3812","targetHints":{"allow":["GET"]}}],"collection":[{"href":"https:\/\/jarmuhonositas.hu\/en\/wp-json\/wp\/v2\/pages"}],"about":[{"href":"https:\/\/jarmuhonositas.hu\/en\/wp-json\/wp\/v2\/types\/page"}],"author":[{"embeddable":true,"href":"https:\/\/jarmuhonositas.hu\/en\/wp-json\/wp\/v2\/users\/1"}],"replies":[{"embeddable":true,"href":"https:\/\/jarmuhonositas.hu\/en\/wp-json\/wp\/v2\/comments?post=3812"}],"version-history":[{"count":3,"href":"https:\/\/jarmuhonositas.hu\/en\/wp-json\/wp\/v2\/pages\/3812\/revisions"}],"predecessor-version":[{"id":3816,"href":"https:\/\/jarmuhonositas.hu\/en\/wp-json\/wp\/v2\/pages\/3812\/revisions\/3816"}],"wp:attachment":[{"href":"https:\/\/jarmuhonositas.hu\/en\/wp-json\/wp\/v2\/media?parent=3812"}],"curies":[{"name":"wp","href":"https:\/\/api.w.org\/{rel}","templated":true}]}}