{"id":66,"date":"2022-07-22T05:18:54","date_gmt":"2022-07-22T05:18:54","guid":{"rendered":"https:\/\/jarmuhonositas.hu\/?page_id=66"},"modified":"2025-08-26T08:12:15","modified_gmt":"2025-08-26T08:12:15","slug":"altalanos-szerzodesi-feltetelek","status":"publish","type":"page","link":"https:\/\/jarmuhonositas.hu\/en\/altalanos-szerzodesi-feltetelek\/","title":{"rendered":"\u00c1ltal\u00e1nos Szerz\u0151d\u00e9si Felt\u00e9telek"},"content":{"rendered":"<p>[et_pb_section fb_built=&#8221;1&#8243; _builder_version=&#8221;4.18.0&#8243; _module_preset=&#8221;default&#8221; global_colors_info=&#8221;{}&#8221;][et_pb_row _builder_version=&#8221;4.18.0&#8243; _module_preset=&#8221;default&#8221; global_colors_info=&#8221;{}&#8221;][et_pb_column type=&#8221;4_4&#8243; _builder_version=&#8221;4.18.0&#8243; _module_preset=&#8221;default&#8221; global_colors_info=&#8221;{}&#8221;][et_pb_text _builder_version=&#8221;4.21.0&#8243; _module_preset=&#8221;default&#8221; global_colors_info=&#8221;{}&#8221;]<\/p>\n<p>,\u00c1SZF<\/p>\n<p>(\u00c1ltal\u00e1nos Szerz\u0151d\u00e9si Felt\u00e9telek)<\/p>\n<p>1. Az \u00c1ltal\u00e1nos szerz\u0151d\u00e9si Felt\u00e9telek elolvas\u00e1s\u00e1val, megtekint\u00e9s\u00e9vel a megrendel\u0151-szerz\u0151d\u0151<br \/>f\u00e9l tudom\u00e1sul veszi \u00e9s elfogadja az ALBA PR\u00c9MIUM OTTHON Korl\u00e1tolt Felel\u0151ss\u00e9g\u0171 T\u00e1rsas\u00e1g C\u00edm: <span>2724 \u00dajlengyel, Ny\u00e1ri P\u00e1l utca 15.<\/span>\u00a0sz\u00e1m. Illetve Dancsfalvi G\u00e1l T\u00edmea E.V \u00fczleti ir\u00e1nyelveit \u00e9s<br \/>tudom\u00e1sul veszi az itt meghat\u00e1rozott szab\u00e1lyokat amire k\u00f6z\u00f6s egyezs\u00e9gk\u00e9nt tekint amik<br \/>peres jogi elj\u00e1r\u00e1s, jogi vita vit\u00e1s helyzet eset\u00e9ben ir\u00e1nymutat\u00f3k \u00e9s k\u00f6vetend\u0151k.<br \/>2. A szerz\u0151d\u00e9si megk\u00f6t\u00e9s\u00e9nek felt\u00e9telei: A Szerz\u0151d\u00e9s megk\u00f6t\u00e9se kiz\u00e1r\u00f3lag \u00f6n\u00e1ll\u00f3an<br \/>cselekv\u0151k\u00e9pes alkohol befoly\u00e1solts\u00e1g\u00e1t\u00f3l \u00e9s gy\u00f3gyszerszeres kezel\u00e9s alatt nem \u00e1ll\u00f3<br \/>szem\u00e9llyel lehets\u00e9ges 18.-ik \u00e9let\u00e9v\u00e9t bet\u00f6lt\u00f6tt mag\u00e1nszem\u00e9lyk\u00e9nt ,18.-ik \u00e9let\u00e9v\u00e9t be nem<br \/>t\u00f6lt\u00f6tt mag\u00e1nszem\u00e9lyk\u00e9nt csak sz\u00fcl\u0151i beleegyez\u00e9ssel lehets\u00e9ges a fent eml\u00edtett<br \/>cselekv\u0151k\u00e9pes \u00e1llapotban.<br \/>3. Jogi Szem\u00e9ly \/Gazdas\u00e1gi T\u00e1rsas\u00e1g (Kft ,Bt ,Zrt) eset\u00e9ben: Az al\u00e1\u00edr\u00e1sra jogosult szem\u00e9ly \u00e9s<br \/>vagy al\u00e1\u00edr\u00e1si c\u00edmp\u00e9ld\u00e1nyba szerepl\u0151 szem\u00e9llyel lehets\u00e9ges a szerz\u0151d\u00e9s vagy hivatalos<br \/>meghatalmaz\u00e1ssal rendelkez\u0151 mag\u00e1n szem\u00e9llyel aki ideglenesen ell\u00e1tja ezt a feladatot a<br \/>t\u00e1rsas\u00e1gn\u00e1l.<br \/>4. Tov\u00e1bbi rendelkez\u00e9sk\u00e9nt nem \u00e1ll m\u00f3dunkban felsz\u00e1mol\u00e1s alatt l\u00e9v\u0151 Jogi szem\u00e9llyel<br \/>Gazdas\u00e1gi t\u00e1rsas\u00e1ggal szerz\u0151dn\u00fcnk. Minden esetben \u00e9rv\u00e9nyes ad\u00f3 sz\u00e1mmal kell hogy<br \/>rendelkezzen a szerz\u0151d\u0151 f\u00e9l.<br \/>5. Szolg\u00e1ltat\u00f3i feladatunk elv\u00e9gz\u00e9se a k\u00f6lcs\u00f6n\u00f6sen kialkudott \u00e9s elfogadott ir\u00e1nyelveken<br \/>alapszik.<br \/>6. Munkad\u00edjaink m\u00e9rt\u00e9ke el\u0151re meghat\u00e1rozottak weboldalainkon e fel vannak t\u00fcntetve,<br \/>el\u00e9rhet\u0151k mindenki sz\u00e1m\u00e1ra. Jogos\u00e1ga \u00e9s m\u00e9rt\u00e9ke nem k\u00e9pezi vita \u00e9s alku t\u00e1rgy\u00e1t<br \/>mindenki az ig\u00e9nybe vett szolg\u00e1ltat\u00e1sok m\u00e9rt\u00e9ke mennyis\u00e9ge az elv\u00e9gzett plusz<br \/>szolg\u00e1ltat\u00e1sok ut\u00e1n k\u00f6teles fizetni amennyiben ez nem teljes\u00fcl jogunkba \u00e1ll Jogi \u00fatra<br \/>terelni a vit\u00e1t ahol az itt felt\u00fcntetett \u00fczletpolitikai elvek lesznek a ir\u00e1nyad\u00f3ak.<br \/>7. Minden egyes \u00e1ltalunk elv\u00e9gzett feladat szolg\u00e1ltat\u00e1s k\u00fcl\u00f6n anyagi vonzattal j\u00e1r aminek<br \/>list\u00e1ja weboldalainkon el\u00e9rhet\u0151 a szolg\u00e1ltat\u00e1sok men\u00fcpont alatt<br \/>8. Teljesk\u00f6r\u0171 \u00fcgyint\u00e9z\u00e9s\u00fcnk fogalma amit v\u00e1llalunk:<br \/>9. A j\u00e1rm\u0171 egyszeri NKH id\u0151pont foglal\u00e1s\u00e1t \u00e9s a hivatalos okm\u00e1nyok bek\u00fcld\u00e9s\u00e9t a NKH azaz<br \/>Nemzeti K\u00f6zleked\u00e9si Hatos\u00e1g r\u00e9sz\u00e9re az id\u0151pont foglal\u00e1s v\u00e9gleges\u00edt\u00e9se a szerz\u0151d\u00f6tt f\u00e9l e-<br \/>mailes \u00e9rtes\u00edt\u00e9se az id\u0151pontr\u00f3l. Ism\u00e9telt id\u0151pont foglal\u00e1si d\u00edj 15000 azaz t\u00edzezer forint<br \/>t\u00f6bblet k\u00f6lts\u00e9ggel j\u00e1r a megb\u00edz\u00f3 r\u00e9sz\u00e9re.<br \/>10. A j\u00e1rm\u0171 eredet vizsga id\u0151pont foglal\u00e1s\u00e1t maximum 2 alkalommal.<br \/>11. Regisztr\u00e1ci\u00f3s ad\u00f3 \u00fcgyint\u00e9z\u00e9s\u00e9t mint meghatalmazott \u00fcgyint\u00e9z\u0151 ,<br \/>(regisztr\u00e1ci\u00f3s k\u00e9relem beny\u00fajt\u00e1sa, hat\u00e1rozat \u00e1tv\u00e9tele hat\u00e1rozat alap\u00fa befizet\u00e9s)<br \/>12. Korm\u00e1nyhivatali egyszeri id\u0151pont foglal\u00e1s\u00e1t \u00e9s megb\u00edzottk\u00e9nt val\u00f3 elj\u00e1r\u00e1s\u00e1t a k\u00f6vetkez\u0151<br \/>\u00fcgyekben: Forgalmi enged\u00e9ly, Rendsz\u00e1m, T\u00f6rzsk\u00f6nyv kiv\u00e1lt\u00e1sa, Vagyonszerz\u00e9si illet\u00e9k<br \/>megfizet\u00e9se KGFB megk\u00f6t\u00e9se az \u00fcgyf\u00e9l k\u00f6teles az al\u00e1irt Biztos\u00edt\u00e1si k\u00f6tv\u00e9nyt \u00e9s szerz\u0151d\u00e9st<br \/>\u00e9s az \u00faj magyarorsz\u00e1gi forgalmi enged\u00e9ly 2 oldali fot\u00f3j\u00e1t vissza k\u00fcldeni r\u00e9sz\u00fcnkre e-mailes<br \/>form\u00e1ban a jarmuhonositasiroda@gmail.com -ra k\u00e9t munkanapon bel\u00fcl.<br \/>13. A megfizetend\u0151 ad\u00f3k j\u00e1rul\u00e9kos k\u00f6lts\u00e9gek minden esetben a megb\u00edz\u00f3t terhelik azaz (NKH<br \/>Vizsga d\u00edj, Eredetvizsga d\u00edj , Regisztr\u00e1ci\u00f3s Ad\u00f3 , \u00c9rv\u00e9nyes Magyar okm\u00e1nyok d\u00edja, KGFB<br \/>negyed \u00e9ves \/\u00e9ves d\u00edja. Minden egyes elv\u00e9gzet feladat k\u00fcl\u00f6n anyagi vonzattal j\u00e1r aminek<br \/>list\u00e1ja weboldalainkon el\u00e9rhet\u0151 a helysz\u00edni vizsg\u00e1n val\u00f3 szem\u00e9lyes seg\u00edts\u00e9g \u00e9s egy\u00e9b NAV<br \/>\u00fcgyint\u00e9z\u00e9s \u00e1rai a szolg\u00e1ltat\u00e1sok men\u00fcpontn\u00e1l tal\u00e1lhat\u00f3k.<\/p>\n<p>14. A sz\u00e1ll\u00edt\u00e1s Budapest: III, IV, XIII, XIV ker\u00fcleten bel\u00fcl 25000 forint azaz h\u00faszezer forint<br \/>tov\u00e1bbi budapesti helysz\u00ednek eset\u00e9ben 25000 forint azaz huszon\u00f6tezerforint munkad\u00edjat<br \/>sz\u00e1m\u00edtunk fel megb\u00edz\u00e1si d\u00edjk\u00e9nt\/\u00fat ami nem tartalmazza a I-rendsz\u00e1m haszn\u00e1lati d\u00edjat ami<br \/>10000 azaz t\u00edzezer forint amennyiben a j\u00e1rm\u0171 nem rendelkezik \u00e9rv\u00e9nyes egyedi<br \/>azonos\u00edt\u00f3val\/\u00fat .Minden egy\u00e9b esetben ,k\u00fcl\u00f6nleges sz\u00e1ll\u00edt\u00e1st ig\u00e9nyl\u0151 j\u00e1rm\u0171vek eset\u00e9n<br \/>egy\u00e9ni egyeztet\u00e9s ut\u00e1n k\u00e9pz\u00fcnk \u00e1rat.<br \/>15. A sz\u00e1ll\u00edt\u00e1si felt\u00e9telek tov\u00e1bbi kit\u00e9telei:<br \/>16. A j\u00e1rm\u0171 \u00e1tv\u00e9tel\u00e9r\u0151l hivatalos \u00e1tad\u00e1s- \u00e1tv\u00e9teli jegyz\u0151k\u00f6nyv k\u00e9sz\u00fcl amiben felt\u00fcntet\u00e9sre<br \/>ker\u00fclnek a j\u00e1rm\u0171vel kapcsolatos fontosinform\u00e1ci\u00f3k km \u00e1ll\u00e1s, s\u00e9r\u00fcl\u00e9sek, \u00e1llapot.<br \/>17. Nem \u00e1ll m\u00f3dunkban \u00fczemk\u00e9ptelen ,hib\u00e1s nem megfelel\u0151 m\u0171szaki \u00e1llapotban l\u00e9v\u0151<br \/>j\u00e1rm\u0171vet \u00e1tvenni ilyen esetben 15000 forint kisz\u00e1ll\u00e1si d\u00edjat sz\u00e1molunk fel.<br \/>18. Kiv\u00e9telt k\u00e9pez ha el\u0151re egyeztetve lett vel\u00fcnk \u00e9s szerviz szolg\u00e1ltat\u00e1sunk is ig\u00e9nybe vette<br \/>\u00fcgyfel\u00fcnk.<br \/>19. Sz\u00e1ll\u00edt\u00e1s el\u0151tti tulajdonosi teend\u0151k :Szeretn\u00e9nk megk\u00e9rni \u00f6nt hogy a j\u00e1rm\u0171 megfelel\u0151<br \/>mennyis\u00e9g\u0171 \u00fczemanyaggal\/t\u00f6lt\u00f6tts\u00e9ggel rendelkezzen a feladat elv\u00e9gz\u00e9s\u00e9hez (sz\u00e1ll\u00edt\u00e1s,<br \/>vizsga, eredetvizsga ,ig\u00e9ny eset\u00e9n vissza sz\u00e1ll\u00edt\u00e1s).<br \/>20. magyarorsz\u00e1gi szabv\u00e1nynak megfelel\u0151 rendsz\u00e1mt\u00e1bla tart\u00f3val legyen ell\u00e1tva.<br \/>21. B\u00e1rmikor ind\u00edthat\u00f3 legyen.<br \/>22. Tiszta vizsga k\u00e9sz \u00e1llapotba ker\u00fclj\u00f6n \u00e1tad\u00e1sra a j\u00e1rm\u0171 szeretik a vizsga soron ha valami<br \/>sz\u00e9p.<br \/>23. Ne vil\u00e1g\u00edtson Check Control l\u00e1mpa, hiba k\u00f3d visszajelz\u0151 l\u00e9gzs\u00e1k l\u00e1mpa<br \/>24. A j\u00e1rm\u0171 legyen vizsga k\u00e9sz \u00e1llapotban(f\u00e9krendszer, megfelel\u0151 gumiabroncsok, vil\u00e1git\u00f3<br \/>testek, rozsda mentes \u00e1llapot,..<br \/>25. Ezzel id\u0151t tudunk sp\u00f3rolni \u00e9s nem szakad meg az aznapi munkav\u00e9gz\u00e9s\u00fcnk, amennyiben<br \/>koll\u00e9g\u00e1ink plusz feladattal szembes\u00fclnek feladatonk\u00e9nt plusz 5000 azaz \u00f6tezer forint ker\u00fcl<br \/>felsz\u00e1mol\u00e1sra \u00e9s sz\u00e1ml\u00e1z\u00e1sra amit a megb\u00edz\u00f3 k\u00f6teles megfizetni a sz\u00e1mla szerint.<br \/>(akkumul\u00e1tor k\u00e1beles ind\u00edt\u00e1sa, rendsz\u00e1mtart\u00f3 csere, izz\u00f3 csere, tankol\u00e1s, takar\u00edt\u00e1s,)<br \/>26. A d\u00edj munka id\u0151nk \u00e1ra a d\u00edj a szolg\u00e1ltat\u00e1sok \u00e1r\u00e1t nem tartalmazza (\u00fczemanyag ,alkatr\u00e9sz,<br \/>mosat\u00e1s d\u00edja )a blokkokat meg\u0151rizz\u00fck \u00e9s az alapj\u00e1n ker\u00fcl elsz\u00e1mol\u00e1sra a rendsz\u00e1m<br \/>\u00e1tad\u00e1sakor.<br \/>27. A sz\u00e1ll\u00edt\u00e1skor anyagi k\u00e1r eset\u00e9n nem \u00e1ll m\u00f3dunkban az anyagi felel\u0151ss\u00e9g v\u00e1llal\u00e1sa :a j\u00e1rm\u0171<br \/>lop\u00e1s, term\u00e9szeti katasztr\u00f3fa, k\u00e1r, meghib\u00e1sod\u00e1s ,t\u00f6r\u00e9s k\u00e1r, megt\u00e9r\u00edt\u00e9se eset\u00e9n .Kiz\u00e1r\u00f3lag<br \/>KGFB &#8211; al rendelkez\u00fcnk \u00e9s egy\u00e9b kieg\u00e9sz\u00edt\u0151 biztosit\u00e1s k\u00f6t\u00e9se a megb\u00edz\u00f3 feladata saj\u00e1t<br \/>ig\u00e9ny eset\u00e9n.<br \/>28. Alkuszi partnerk\u00e9nt is \u00e1llunk az \u00f6n\u00f6k rendelkez\u00e9s\u00e9re ez\u00e9rt minden KGFB , Casco biztosit\u00e1s<br \/>k\u00f6t\u00e9se minket illet elt\u00e9r\u0151 esetben 10000 forint azaz t\u00edzezer forint p\u00f3td\u00edjat sz\u00e1molunk fel<br \/>kiv\u00e9telt k\u00e9peznek a c\u00e9ges flott\u00e1ban szerepl\u0151 j\u00e1rm\u0171vek amennyiben saj\u00e1t flotta kezel\u0151j\u00fck<br \/>van.<br \/>29. Szerz\u0151d\u00e9s k\u00f6t\u00e9s m\u00f3dja : A k\u00e9t szerz\u0151d\u0151 f\u00e9l k\u00f6z\u00f6tti \u00edr\u00e1sos szerz\u0151d\u00e9s, sz\u00f3beli megegyez\u00e9s<br \/>,r\u00e1utal\u00f3 magatart\u00e1s, a munkad\u00edj utal\u00e1s\u00e1t megfizet\u00e9s\u00e9t k\u00f6vet\u0151en minden esetben<br \/>szerz\u0151d\u00f6tt \u00fcgyf\u00e9lnek tekintj\u00fck a megb\u00edz\u00f3ink ut\u00e1na \u00e1ll m\u00f3dunkban az \u00fcgyint\u00e9z\u00e9s b\u00e1rmilyen<br \/>fok\u00fa elind\u00edt\u00e1sa.<br \/>30. Az \u00fcgyint\u00e9z\u00e9shez minden esetben sz\u00fcks\u00e9g\u00fcnk van: a j\u00e1rm\u0171 eredeti okm\u00e1nyaira ami<br \/>orsz\u00e1gonk\u00e9nt elt\u00e9r\u0151, de minden esetben a teljes irat anyagra illetve az el\u0151zetes<br \/>felvil\u00e1gosit\u00e1s keret\u00e9ben megszabott tov\u00e1bbi szem\u00e9lyes iratokra ,c\u00e9ges iratokra ,ad\u00e1sv\u00e9teli<br \/>szerz\u0151d\u00e9sre, egy\u00e9b j\u00e1rm\u0171h\u00f6z tartoz\u00f3 iratokra. Az ide vonatkoz\u00f3 Jogi szabv\u00e1ny szerint nem<br \/>adhatjuk ki 3.f\u00e9l r\u00e9sz\u00e9re irataikat enged\u00e9ly n\u00e9lk\u00fcl irataikat szem\u00e9lyes okm\u00e1nyaikat a r\u00e1nk<br \/>vonatkoz\u00f3 t\u00f6rv\u00e9nyi min\u0151s\u00e9gben vagyunk k\u00f6telesek meg\u0151rizni \u00e9s t\u00e1rolni .<\/p>\n<p>31. Kiz\u00e1r\u00f3 okok: A r\u00e9sz\u00fcnkr\u0151l kialakult szervezett rendszer \u00e9s id\u0151nk v\u00e9delme \u00e9rtelm\u00e9ben azt<br \/>az \u00fcgyfelet aki nem hajland\u00f3 az \u00e1ltaluk k\u00e9rt \u00fcgymenetet k\u00f6vetni, elfogadni az \u00e9vek alatt<br \/>okkal j\u00f3l kialakult szok\u00e1sokat \u00fctem\u00fcnket, feladat elv\u00e9gz\u00e9si sorrendet, anyagi sorrendet a<br \/>szerz\u0151d\u00e9st m\u00f3dunkban \u00e1ll b\u00e1rmelyik f\u00e1zisban semmisnek tekinteni a nem megfelel\u0151 hozz\u00e1<br \/>\u00e1ll\u00e1s v\u00e9get az \u00fcgyint\u00e9z\u00e9s d\u00edj\u00e1t nem vagyunk k\u00f6telesek megt\u00e9r\u00edteni az tov\u00e1bbra is minket<br \/>illet.<br \/>32. Az NKH s m\u0171szaki vizsg\u00e1n\u00e1l m\u00e1sodszor megbukott j\u00e1rm\u0171 eset\u00e9n szint\u00e9n automatikusan<br \/>megsz\u0171nik a szerz\u0151d\u00e9s d\u00edj vissza fizet\u00e9s n\u00e9lk\u00fcl hi\u00e1nyos okm\u00e1nyokkal val\u00f3 \u00e9rkez\u00e9s \u00e9s az<br \/>el\u0151re egyeztetett vizsg\u00e1n val\u00f3 meg nem jelen\u00e9s eset\u00e9n is.<br \/>33. Tr\u00e1g\u00e1rs\u00e1g, nem oda val\u00f3 viselked\u00e9s eset\u00e9n szint\u00e9n.<br \/>34. Amennyiben menetk\u00f6zben \u00f6n\u00e1ll\u00f3an szeretne elj\u00e1rni ,m\u00e1s c\u00e9gnek bizalmat adni szint\u00e9n<br \/>nem \u00e1ll m\u00f3dunkban megb\u00edz\u00e1si d\u00edjat vissza szolg\u00e1ltatni.<br \/>35. Abban az esetben \u00e1ll m\u00f3dunkban szolg\u00e1ltat\u00e1si d\u00edjat vissza utalni amennyiben az \u00fcgyf\u00e9l<br \/>minden \u00e1ltalunk k\u00e9rt okm\u00e1nnyal rendelkezik \u00e9s egyeztetett k\u00e9r\u00e9snek eleget tett minden<br \/>\u00c1llamilag elismert felt\u00e9telnek megfelelt \u00e9s kiz\u00e1r\u00f3lag \u00f6nhib\u00e1nkb\u00f3l nem teljes\u00fclt minden<br \/>egy\u00e9b esetben ide vonatkozik a vis-major helyzet is a megb\u00edz\u00e1si d\u00edjaink nem k\u00e9pezik vita<br \/>t\u00e1rgy\u00e1t \u00e9s minket jogosan megilletnek.<br \/>36. .Szolg\u00e1ltat\u00e1sainkr\u00f3l minden esetben sz\u00e1mla k\u00e9sz\u00fcl az ide vonatkoz\u00f3 sz\u00e1ml\u00e1z\u00e1si t\u00f6rv\u00e9ny<br \/>szerint e-mail es form\u00e1ban tov\u00e1bb\u00edtjuk \u00fcgyfeleink r\u00e9sz\u00e9re.<br \/>C\u00e9gek Jogi szem\u00e9lyek megb\u00edz\u00e1sa eset\u00e9n sz\u00e1ml\u00e1ink \u00e1f\u00e1t tartalmazhatnak.<\/p>\n<p><i>Tudom\u00e1sul veszem, hogy a(z) <span>ALBA PR\u00c9MIUM OTTHON Kft.<\/span> (<span>2724 \u00dajlengyel, Ny\u00e1ri P\u00e1l utca 15.<\/span>) adatkezel\u0151 \u00e1ltal a(z) https:\/\/www.jarmuhonositas.hu\/ felhaszn\u00e1l\u00f3i adatb\u00e1zis\u00e1ban t\u00e1rolt al\u00e1bbi szem\u00e9lyes adataim \u00e1tad\u00e1sra ker\u00fclnek az OTP Mobil Kft., mint adatfeldolgoz\u00f3 r\u00e9sz\u00e9re. Az adatkezel\u0151 \u00e1ltal tov\u00e1bb\u00edtott adatok k\u00f6re az al\u00e1bbi: <span>sz\u00e1ml\u00e1z\u00e1si adatok,<\/span><span>\u00a0n\u00e9v, c\u00edm, e-mail c\u00edm, telefonsz\u00e1m.<\/span>. Az adatfeldolgoz\u00f3 \u00e1ltal v\u00e9gzett adatfeldolgoz\u00e1si tev\u00e9kenys\u00e9g jellege \u00e9s c\u00e9lja a SimplePay Adatkezel\u00e9si t\u00e1j\u00e9koztat\u00f3ban, az al\u00e1bbi linken tekinthet\u0151 meg:<span>\u00a0<\/span><a href=\"https:\/\/simplepay.hu\/adatkezelesi-tajekoztatok\/\" rel=\"noopener noreferrer\" target=\"_blank\" data-saferedirecturl=\"https:\/\/www.google.com\/url?q=https:\/\/simplepay.hu\/adatkezelesi-tajekoztatok\/&amp;source=gmail&amp;ust=1717486387459000&amp;usg=AOvVaw0ZvyhBOo7mXhcXbyY_cN-f\">https:\/\/simplepay.hu\/<wbr \/>adatkezelesi-tajekoztatok\/<\/a><\/i><\/p>\n<p>[\/et_pb_text][\/et_pb_column][\/et_pb_row][\/et_pb_section]<\/p>","protected":false},"excerpt":{"rendered":"<p>,\u00c1SZF (\u00c1ltal\u00e1nos Szerz\u0151d\u00e9si Felt\u00e9telek) 1. Az \u00c1ltal\u00e1nos szerz\u0151d\u00e9si Felt\u00e9telek elolvas\u00e1s\u00e1val, megtekint\u00e9s\u00e9vel a megrendel\u0151-szerz\u0151d\u0151f\u00e9l tudom\u00e1sul veszi \u00e9s elfogadja az ALBA PR\u00c9MIUM OTTHON Korl\u00e1tolt Felel\u0151ss\u00e9g\u0171 T\u00e1rsas\u00e1g C\u00edm: 2724 \u00dajlengyel, Ny\u00e1ri P\u00e1l utca 15.\u00a0sz\u00e1m. Illetve Dancsfalvi G\u00e1l T\u00edmea E.V \u00fczleti ir\u00e1nyelveit \u00e9studom\u00e1sul veszi az itt meghat\u00e1rozott szab\u00e1lyokat amire k\u00f6z\u00f6s egyezs\u00e9gk\u00e9nt tekint amikperes jogi elj\u00e1r\u00e1s, jogi vita vit\u00e1s helyzet [&hellip;]<\/p>","protected":false},"author":1,"featured_media":0,"parent":0,"menu_order":0,"comment_status":"closed","ping_status":"closed","template":"","meta":{"_et_pb_use_builder":"on","_et_pb_old_content":"<!-- wp:divi\/placeholder \/-->","_et_gb_content_width":"","footnotes":""},"class_list":["post-66","page","type-page","status-publish","hentry"],"yoast_head":"<!-- This site is optimized with the Yoast SEO plugin v22.8 - https:\/\/yoast.com\/wordpress\/plugins\/seo\/ -->\n<title>\u00c1ltal\u00e1nos Szerz\u0151d\u00e9si Felt\u00e9telek - G\u00e9pj\u00e1rm\u0171 honos\u00edt\u00e1s<\/title>\n<meta name=\"description\" content=\"\u00c1ltal\u00e1nos Szerz\u0151d\u00e9si Felt\u00e9telek G\u00e9pj\u00e1rm\u0171 honos\u00edt\u00e1s -\" \/>\n<meta name=\"robots\" content=\"index, follow, max-snippet:-1, max-image-preview:large, max-video-preview:-1\" \/>\n<link rel=\"canonical\" href=\"https:\/\/jarmuhonositas.hu\/en\/altalanos-szerzodesi-feltetelek\/\" \/>\n<meta property=\"og:locale\" content=\"en_GB\" \/>\n<meta property=\"og:type\" content=\"article\" \/>\n<meta property=\"og:title\" content=\"\u00c1ltal\u00e1nos Szerz\u0151d\u00e9si Felt\u00e9telek - G\u00e9pj\u00e1rm\u0171 honos\u00edt\u00e1s\" \/>\n<meta property=\"og:description\" content=\"\u00c1ltal\u00e1nos Szerz\u0151d\u00e9si Felt\u00e9telek G\u00e9pj\u00e1rm\u0171 honos\u00edt\u00e1s -\" \/>\n<meta property=\"og:url\" content=\"https:\/\/jarmuhonositas.hu\/en\/altalanos-szerzodesi-feltetelek\/\" \/>\n<meta property=\"og:site_name\" content=\"G\u00e9pj\u00e1rm\u0171 honos\u00edt\u00e1s\" \/>\n<meta property=\"article:modified_time\" content=\"2025-08-26T08:12:15+00:00\" \/>\n<meta property=\"og:image\" content=\"https:\/\/i0.wp.com\/jarmuhonositas.hu\/wp-content\/uploads\/2022\/08\/cropped-2640505b01da45d1bf2c26e504ae49e4-1.png?fit=512%2C512&ssl=1\" \/>\n\t<meta property=\"og:image:width\" content=\"512\" \/>\n\t<meta property=\"og:image:height\" content=\"512\" \/>\n\t<meta property=\"og:image:type\" content=\"image\/png\" \/>\n<meta name=\"twitter:card\" content=\"summary_large_image\" \/>\n<meta name=\"twitter:label1\" content=\"Estimated reading time\" \/>\n\t<meta name=\"twitter:data1\" content=\"10 minutes\" \/>\n<script type=\"application\/ld+json\" class=\"yoast-schema-graph\">{\"@context\":\"https:\/\/schema.org\",\"@graph\":[{\"@type\":\"WebPage\",\"@id\":\"https:\/\/jarmuhonositas.hu\/altalanos-szerzodesi-feltetelek\/\",\"url\":\"https:\/\/jarmuhonositas.hu\/altalanos-szerzodesi-feltetelek\/\",\"name\":\"\u00c1ltal\u00e1nos Szerz\u0151d\u00e9si Felt\u00e9telek - G\u00e9pj\u00e1rm\u0171 honos\u00edt\u00e1s\",\"isPartOf\":{\"@id\":\"https:\/\/jarmuhonositas.hu\/#website\"},\"datePublished\":\"2022-07-22T05:18:54+00:00\",\"dateModified\":\"2025-08-26T08:12:15+00:00\",\"description\":\"\u00c1ltal\u00e1nos Szerz\u0151d\u00e9si Felt\u00e9telek G\u00e9pj\u00e1rm\u0171 honos\u00edt\u00e1s -\",\"breadcrumb\":{\"@id\":\"https:\/\/jarmuhonositas.hu\/altalanos-szerzodesi-feltetelek\/#breadcrumb\"},\"inLanguage\":\"en-GB\",\"potentialAction\":[{\"@type\":\"ReadAction\",\"target\":[\"https:\/\/jarmuhonositas.hu\/altalanos-szerzodesi-feltetelek\/\"]}]},{\"@type\":\"BreadcrumbList\",\"@id\":\"https:\/\/jarmuhonositas.hu\/altalanos-szerzodesi-feltetelek\/#breadcrumb\",\"itemListElement\":[{\"@type\":\"ListItem\",\"position\":1,\"name\":\"Kezd\u0151lap\",\"item\":\"https:\/\/jarmuhonositas.hu\/\"},{\"@type\":\"ListItem\",\"position\":2,\"name\":\"\u00c1ltal\u00e1nos Szerz\u0151d\u00e9si Felt\u00e9telek\"}]},{\"@type\":\"WebSite\",\"@id\":\"https:\/\/jarmuhonositas.hu\/#website\",\"url\":\"https:\/\/jarmuhonositas.hu\/\",\"name\":\"G\u00e9pj\u00e1rm\u0171 honos\u00edt\u00e1s\",\"description\":\"C\u00e9g\u00fcnk m\u00e1r 15 \u00e9ve foglalkozik g\u00e9pj\u00e1rm\u0171 honos\u00edt\u00e1ssal \u00e9s forgalomba helyez\u00e9ssel belf\u00f6ld\u00f6n \u00e9s k\u00fclf\u00f6ld\u00f6n egyat\u00e1nt. S\u0151t, el is hozzuk \u00d6nnek j\u00e1rm\u0171v\u00e9t.\",\"publisher\":{\"@id\":\"https:\/\/jarmuhonositas.hu\/#organization\"},\"alternateName\":\"J\u00e1rm\u0171 honos\u00edt\u00e1s\",\"potentialAction\":[{\"@type\":\"SearchAction\",\"target\":{\"@type\":\"EntryPoint\",\"urlTemplate\":\"https:\/\/jarmuhonositas.hu\/?s={search_term_string}\"},\"query-input\":\"required name=search_term_string\"}],\"inLanguage\":\"en-GB\"},{\"@type\":\"Organization\",\"@id\":\"https:\/\/jarmuhonositas.hu\/#organization\",\"name\":\"G\u00e9pj\u00e1rm\u0171 honos\u00edt\u00e1s\",\"url\":\"https:\/\/jarmuhonositas.hu\/\",\"logo\":{\"@type\":\"ImageObject\",\"inLanguage\":\"en-GB\",\"@id\":\"https:\/\/jarmuhonositas.hu\/#\/schema\/logo\/image\/\",\"url\":\"https:\/\/jarmuhonositas.hu\/wp-content\/uploads\/2022\/08\/cropped-2640505b01da45d1bf2c26e504ae49e4-1.png\",\"contentUrl\":\"https:\/\/jarmuhonositas.hu\/wp-content\/uploads\/2022\/08\/cropped-2640505b01da45d1bf2c26e504ae49e4-1.png\",\"width\":512,\"height\":512,\"caption\":\"G\u00e9pj\u00e1rm\u0171 honos\u00edt\u00e1s\"},\"image\":{\"@id\":\"https:\/\/jarmuhonositas.hu\/#\/schema\/logo\/image\/\"}}]}<\/script>\n<!-- \/ Yoast SEO plugin. -->","yoast_head_json":{"title":"\u00c1ltal\u00e1nos Szerz\u0151d\u00e9si Felt\u00e9telek - G\u00e9pj\u00e1rm\u0171 honos\u00edt\u00e1s","description":"\u00c1ltal\u00e1nos Szerz\u0151d\u00e9si Felt\u00e9telek G\u00e9pj\u00e1rm\u0171 honos\u00edt\u00e1s -","robots":{"index":"index","follow":"follow","max-snippet":"max-snippet:-1","max-image-preview":"max-image-preview:large","max-video-preview":"max-video-preview:-1"},"canonical":"https:\/\/jarmuhonositas.hu\/en\/altalanos-szerzodesi-feltetelek\/","og_locale":"en_GB","og_type":"article","og_title":"\u00c1ltal\u00e1nos Szerz\u0151d\u00e9si Felt\u00e9telek - G\u00e9pj\u00e1rm\u0171 honos\u00edt\u00e1s","og_description":"\u00c1ltal\u00e1nos Szerz\u0151d\u00e9si Felt\u00e9telek G\u00e9pj\u00e1rm\u0171 honos\u00edt\u00e1s -","og_url":"https:\/\/jarmuhonositas.hu\/en\/altalanos-szerzodesi-feltetelek\/","og_site_name":"G\u00e9pj\u00e1rm\u0171 honos\u00edt\u00e1s","article_modified_time":"2025-08-26T08:12:15+00:00","og_image":[{"width":512,"height":512,"url":"https:\/\/i0.wp.com\/jarmuhonositas.hu\/wp-content\/uploads\/2022\/08\/cropped-2640505b01da45d1bf2c26e504ae49e4-1.png?fit=512%2C512&ssl=1","type":"image\/png"}],"twitter_card":"summary_large_image","twitter_misc":{"Estimated reading time":"10 minutes"},"schema":{"@context":"https:\/\/schema.org","@graph":[{"@type":"WebPage","@id":"https:\/\/jarmuhonositas.hu\/altalanos-szerzodesi-feltetelek\/","url":"https:\/\/jarmuhonositas.hu\/altalanos-szerzodesi-feltetelek\/","name":"\u00c1ltal\u00e1nos Szerz\u0151d\u00e9si Felt\u00e9telek - G\u00e9pj\u00e1rm\u0171 honos\u00edt\u00e1s","isPartOf":{"@id":"https:\/\/jarmuhonositas.hu\/#website"},"datePublished":"2022-07-22T05:18:54+00:00","dateModified":"2025-08-26T08:12:15+00:00","description":"\u00c1ltal\u00e1nos Szerz\u0151d\u00e9si Felt\u00e9telek G\u00e9pj\u00e1rm\u0171 honos\u00edt\u00e1s -","breadcrumb":{"@id":"https:\/\/jarmuhonositas.hu\/altalanos-szerzodesi-feltetelek\/#breadcrumb"},"inLanguage":"en-GB","potentialAction":[{"@type":"ReadAction","target":["https:\/\/jarmuhonositas.hu\/altalanos-szerzodesi-feltetelek\/"]}]},{"@type":"BreadcrumbList","@id":"https:\/\/jarmuhonositas.hu\/altalanos-szerzodesi-feltetelek\/#breadcrumb","itemListElement":[{"@type":"ListItem","position":1,"name":"Kezd\u0151lap","item":"https:\/\/jarmuhonositas.hu\/"},{"@type":"ListItem","position":2,"name":"\u00c1ltal\u00e1nos Szerz\u0151d\u00e9si Felt\u00e9telek"}]},{"@type":"WebSite","@id":"https:\/\/jarmuhonositas.hu\/#website","url":"https:\/\/jarmuhonositas.hu\/","name":"G\u00e9pj\u00e1rm\u0171 honos\u00edt\u00e1s","description":"C\u00e9g\u00fcnk m\u00e1r 15 \u00e9ve foglalkozik g\u00e9pj\u00e1rm\u0171 honos\u00edt\u00e1ssal \u00e9s forgalomba helyez\u00e9ssel belf\u00f6ld\u00f6n \u00e9s k\u00fclf\u00f6ld\u00f6n egyat\u00e1nt. S\u0151t, el is hozzuk \u00d6nnek j\u00e1rm\u0171v\u00e9t.","publisher":{"@id":"https:\/\/jarmuhonositas.hu\/#organization"},"alternateName":"J\u00e1rm\u0171 honos\u00edt\u00e1s","potentialAction":[{"@type":"SearchAction","target":{"@type":"EntryPoint","urlTemplate":"https:\/\/jarmuhonositas.hu\/?s={search_term_string}"},"query-input":"required name=search_term_string"}],"inLanguage":"en-GB"},{"@type":"Organization","@id":"https:\/\/jarmuhonositas.hu\/#organization","name":"G\u00e9pj\u00e1rm\u0171 honos\u00edt\u00e1s","url":"https:\/\/jarmuhonositas.hu\/","logo":{"@type":"ImageObject","inLanguage":"en-GB","@id":"https:\/\/jarmuhonositas.hu\/#\/schema\/logo\/image\/","url":"https:\/\/jarmuhonositas.hu\/wp-content\/uploads\/2022\/08\/cropped-2640505b01da45d1bf2c26e504ae49e4-1.png","contentUrl":"https:\/\/jarmuhonositas.hu\/wp-content\/uploads\/2022\/08\/cropped-2640505b01da45d1bf2c26e504ae49e4-1.png","width":512,"height":512,"caption":"G\u00e9pj\u00e1rm\u0171 honos\u00edt\u00e1s"},"image":{"@id":"https:\/\/jarmuhonositas.hu\/#\/schema\/logo\/image\/"}}]}},"jetpack_sharing_enabled":true,"_links":{"self":[{"href":"https:\/\/jarmuhonositas.hu\/en\/wp-json\/wp\/v2\/pages\/66","targetHints":{"allow":["GET"]}}],"collection":[{"href":"https:\/\/jarmuhonositas.hu\/en\/wp-json\/wp\/v2\/pages"}],"about":[{"href":"https:\/\/jarmuhonositas.hu\/en\/wp-json\/wp\/v2\/types\/page"}],"author":[{"embeddable":true,"href":"https:\/\/jarmuhonositas.hu\/en\/wp-json\/wp\/v2\/users\/1"}],"replies":[{"embeddable":true,"href":"https:\/\/jarmuhonositas.hu\/en\/wp-json\/wp\/v2\/comments?post=66"}],"version-history":[{"count":7,"href":"https:\/\/jarmuhonositas.hu\/en\/wp-json\/wp\/v2\/pages\/66\/revisions"}],"predecessor-version":[{"id":3845,"href":"https:\/\/jarmuhonositas.hu\/en\/wp-json\/wp\/v2\/pages\/66\/revisions\/3845"}],"wp:attachment":[{"href":"https:\/\/jarmuhonositas.hu\/en\/wp-json\/wp\/v2\/media?parent=66"}],"curies":[{"name":"wp","href":"https:\/\/api.w.org\/{rel}","templated":true}]}}