{"id":2495,"date":"2024-08-12T09:37:23","date_gmt":"2024-08-12T09:37:23","guid":{"rendered":"https:\/\/jarmuhonositas.hu\/?post_type=product&#038;p=2495"},"modified":"2024-08-12T09:37:23","modified_gmt":"2024-08-12T09:37:23","slug":"maganszemely-kereskedo-kozotti-adasveteli-szerzodes-feherorosz-magyar","status":"publish","type":"product","link":"https:\/\/jarmuhonositas.hu\/en\/product\/maganszemely-kereskedo-kozotti-adasveteli-szerzodes-feherorosz-magyar\/","title":{"rendered":"Mag\u00e1nszem\u00e9ly-Keresked\u0151 k\u00f6z\u00f6tti ad\u00e1sv\u00e9teli szerz\u0151d\u00e9s (Feh\u00e9rorosz-Magyar)"},"content":{"rendered":"","protected":false},"excerpt":{"rendered":"","protected":false},"featured_media":2493,"comment_status":"open","ping_status":"closed","template":"","meta":{"_et_pb_use_builder":"","_et_pb_old_content":"","_et_gb_content_width":""},"product_cat":[300],"product_tag":[],"class_list":{"0":"post-2495","1":"product","2":"type-product","3":"status-publish","4":"has-post-thumbnail","6":"product_cat-feherorosz-magyar","8":"first","9":"instock","10":"downloadable","11":"taxable","12":"shipping-taxable","13":"purchasable","14":"product-type-simple"},"yoast_head":"<!-- This site is optimized with the Yoast SEO plugin v22.8 - https:\/\/yoast.com\/wordpress\/plugins\/seo\/ -->\n<title>Mag\u00e1nszem\u00e9ly-Keresked\u0151 k\u00f6z\u00f6tti ad\u00e1sv\u00e9teli szerz\u0151d\u00e9s (Feh\u00e9rorosz-Magyar) - G\u00e9pj\u00e1rm\u0171 honos\u00edt\u00e1s<\/title>\n<meta name=\"description\" content=\"Mag\u00e1nszem\u00e9ly-Keresked\u0151 k\u00f6z\u00f6tti ad\u00e1sv\u00e9teli szerz\u0151d\u00e9s (Feh\u00e9rorosz-Magyar) - G\u00e9pj\u00e1rm\u0171 honos\u00edt\u00e1s\" \/>\n<meta name=\"robots\" content=\"index, follow, max-snippet:-1, max-image-preview:large, max-video-preview:-1\" \/>\n<link rel=\"canonical\" href=\"https:\/\/jarmuhonositas.hu\/en\/product\/maganszemely-kereskedo-kozotti-adasveteli-szerzodes-feherorosz-magyar\/\" \/>\n<meta property=\"og:locale\" content=\"en_GB\" \/>\n<meta property=\"og:type\" content=\"article\" \/>\n<meta property=\"og:title\" content=\"Mag\u00e1nszem\u00e9ly-Keresked\u0151 k\u00f6z\u00f6tti ad\u00e1sv\u00e9teli szerz\u0151d\u00e9s (Feh\u00e9rorosz-Magyar) - G\u00e9pj\u00e1rm\u0171 honos\u00edt\u00e1s\" \/>\n<meta property=\"og:description\" content=\"Mag\u00e1nszem\u00e9ly-Keresked\u0151 k\u00f6z\u00f6tti ad\u00e1sv\u00e9teli szerz\u0151d\u00e9s (Feh\u00e9rorosz-Magyar) - G\u00e9pj\u00e1rm\u0171 honos\u00edt\u00e1s\" \/>\n<meta property=\"og:url\" content=\"https:\/\/jarmuhonositas.hu\/en\/product\/maganszemely-kereskedo-kozotti-adasveteli-szerzodes-feherorosz-magyar\/\" \/>\n<meta property=\"og:site_name\" content=\"G\u00e9pj\u00e1rm\u0171 honos\u00edt\u00e1s\" \/>\n<meta property=\"og:image\" content=\"https:\/\/jarmuhonositas.hu\/wp-content\/uploads\/2024\/08\/ADASVETELI-SZERZODES-FEHEROROSZ-MAGYAR-MAGANSZEMELY-MAGANSZEMELY--scaled.webp\" \/>\n\t<meta property=\"og:image:width\" content=\"1811\" \/>\n\t<meta property=\"og:image:height\" content=\"2560\" \/>\n\t<meta property=\"og:image:type\" content=\"image\/jpeg\" \/>\n<meta name=\"twitter:card\" content=\"summary_large_image\" \/>\n<meta name=\"twitter:label1\" content=\"Estimated reading time\" \/>\n\t<meta name=\"twitter:data1\" content=\"1 minute\" \/>\n<script type=\"application\/ld+json\" class=\"yoast-schema-graph\">{\"@context\":\"https:\/\/schema.org\",\"@graph\":[{\"@type\":\"WebPage\",\"@id\":\"https:\/\/jarmuhonositas.hu\/termek\/maganszemely-kereskedo-kozotti-adasveteli-szerzodes-feherorosz-magyar\/\",\"url\":\"https:\/\/jarmuhonositas.hu\/termek\/maganszemely-kereskedo-kozotti-adasveteli-szerzodes-feherorosz-magyar\/\",\"name\":\"Mag\u00e1nszem\u00e9ly-Keresked\u0151 k\u00f6z\u00f6tti ad\u00e1sv\u00e9teli szerz\u0151d\u00e9s (Feh\u00e9rorosz-Magyar) - G\u00e9pj\u00e1rm\u0171 honos\u00edt\u00e1s\",\"isPartOf\":{\"@id\":\"https:\/\/jarmuhonositas.hu\/#website\"},\"primaryImageOfPage\":{\"@id\":\"https:\/\/jarmuhonositas.hu\/termek\/maganszemely-kereskedo-kozotti-adasveteli-szerzodes-feherorosz-magyar\/#primaryimage\"},\"image\":{\"@id\":\"https:\/\/jarmuhonositas.hu\/termek\/maganszemely-kereskedo-kozotti-adasveteli-szerzodes-feherorosz-magyar\/#primaryimage\"},\"thumbnailUrl\":\"https:\/\/i0.wp.com\/jarmuhonositas.hu\/wp-content\/uploads\/2024\/08\/ADASVETELI-SZERZODES-FEHEROROSZ-MAGYAR-MAGANSZEMELY-MAGANSZEMELY--scaled.webp?fit=1811%2C2560&ssl=1\",\"datePublished\":\"2024-08-12T09:37:23+00:00\",\"dateModified\":\"2024-08-12T09:37:23+00:00\",\"description\":\"Mag\u00e1nszem\u00e9ly-Keresked\u0151 k\u00f6z\u00f6tti ad\u00e1sv\u00e9teli szerz\u0151d\u00e9s (Feh\u00e9rorosz-Magyar) - G\u00e9pj\u00e1rm\u0171 honos\u00edt\u00e1s\",\"breadcrumb\":{\"@id\":\"https:\/\/jarmuhonositas.hu\/termek\/maganszemely-kereskedo-kozotti-adasveteli-szerzodes-feherorosz-magyar\/#breadcrumb\"},\"inLanguage\":\"en-GB\",\"potentialAction\":[{\"@type\":\"ReadAction\",\"target\":[\"https:\/\/jarmuhonositas.hu\/termek\/maganszemely-kereskedo-kozotti-adasveteli-szerzodes-feherorosz-magyar\/\"]}]},{\"@type\":\"ImageObject\",\"inLanguage\":\"en-GB\",\"@id\":\"https:\/\/jarmuhonositas.hu\/termek\/maganszemely-kereskedo-kozotti-adasveteli-szerzodes-feherorosz-magyar\/#primaryimage\",\"url\":\"https:\/\/i0.wp.com\/jarmuhonositas.hu\/wp-content\/uploads\/2024\/08\/ADASVETELI-SZERZODES-FEHEROROSZ-MAGYAR-MAGANSZEMELY-MAGANSZEMELY--scaled.webp?fit=1811%2C2560&ssl=1\",\"contentUrl\":\"https:\/\/i0.wp.com\/jarmuhonositas.hu\/wp-content\/uploads\/2024\/08\/ADASVETELI-SZERZODES-FEHEROROSZ-MAGYAR-MAGANSZEMELY-MAGANSZEMELY--scaled.webp?fit=1811%2C2560&ssl=1\",\"width\":1811,\"height\":2560},{\"@type\":\"BreadcrumbList\",\"@id\":\"https:\/\/jarmuhonositas.hu\/termek\/maganszemely-kereskedo-kozotti-adasveteli-szerzodes-feherorosz-magyar\/#breadcrumb\",\"itemListElement\":[{\"@type\":\"ListItem\",\"position\":1,\"name\":\"Kezd\u0151lap\",\"item\":\"https:\/\/jarmuhonositas.hu\/\"},{\"@type\":\"ListItem\",\"position\":2,\"name\":\"Dokumentumok\",\"item\":\"https:\/\/jarmuhonositas.hu\/gepjarmu-honositas-dokumentumok-es-vasarlas\/\"},{\"@type\":\"ListItem\",\"position\":3,\"name\":\"Mag\u00e1nszem\u00e9ly-Keresked\u0151 k\u00f6z\u00f6tti ad\u00e1sv\u00e9teli szerz\u0151d\u00e9s (Feh\u00e9rorosz-Magyar)\"}]},{\"@type\":\"WebSite\",\"@id\":\"https:\/\/jarmuhonositas.hu\/#website\",\"url\":\"https:\/\/jarmuhonositas.hu\/\",\"name\":\"G\u00e9pj\u00e1rm\u0171 honos\u00edt\u00e1s\",\"description\":\"C\u00e9g\u00fcnk m\u00e1r 15 \u00e9ve foglalkozik g\u00e9pj\u00e1rm\u0171 honos\u00edt\u00e1ssal \u00e9s forgalomba helyez\u00e9ssel belf\u00f6ld\u00f6n \u00e9s k\u00fclf\u00f6ld\u00f6n egyat\u00e1nt. S\u0151t, el is hozzuk \u00d6nnek j\u00e1rm\u0171v\u00e9t.\",\"publisher\":{\"@id\":\"https:\/\/jarmuhonositas.hu\/#organization\"},\"alternateName\":\"J\u00e1rm\u0171 honos\u00edt\u00e1s\",\"potentialAction\":[{\"@type\":\"SearchAction\",\"target\":{\"@type\":\"EntryPoint\",\"urlTemplate\":\"https:\/\/jarmuhonositas.hu\/?s={search_term_string}\"},\"query-input\":\"required name=search_term_string\"}],\"inLanguage\":\"en-GB\"},{\"@type\":\"Organization\",\"@id\":\"https:\/\/jarmuhonositas.hu\/#organization\",\"name\":\"G\u00e9pj\u00e1rm\u0171 honos\u00edt\u00e1s\",\"url\":\"https:\/\/jarmuhonositas.hu\/\",\"logo\":{\"@type\":\"ImageObject\",\"inLanguage\":\"en-GB\",\"@id\":\"https:\/\/jarmuhonositas.hu\/#\/schema\/logo\/image\/\",\"url\":\"https:\/\/jarmuhonositas.hu\/wp-content\/uploads\/2022\/08\/cropped-2640505b01da45d1bf2c26e504ae49e4-1.png\",\"contentUrl\":\"https:\/\/jarmuhonositas.hu\/wp-content\/uploads\/2022\/08\/cropped-2640505b01da45d1bf2c26e504ae49e4-1.png\",\"width\":512,\"height\":512,\"caption\":\"G\u00e9pj\u00e1rm\u0171 honos\u00edt\u00e1s\"},\"image\":{\"@id\":\"https:\/\/jarmuhonositas.hu\/#\/schema\/logo\/image\/\"}}]}<\/script>\n<!-- \/ Yoast SEO plugin. -->","yoast_head_json":{"title":"Mag\u00e1nszem\u00e9ly-Keresked\u0151 k\u00f6z\u00f6tti ad\u00e1sv\u00e9teli szerz\u0151d\u00e9s (Feh\u00e9rorosz-Magyar) - G\u00e9pj\u00e1rm\u0171 honos\u00edt\u00e1s","description":"Mag\u00e1nszem\u00e9ly-Keresked\u0151 k\u00f6z\u00f6tti ad\u00e1sv\u00e9teli szerz\u0151d\u00e9s (Feh\u00e9rorosz-Magyar) - G\u00e9pj\u00e1rm\u0171 honos\u00edt\u00e1s","robots":{"index":"index","follow":"follow","max-snippet":"max-snippet:-1","max-image-preview":"max-image-preview:large","max-video-preview":"max-video-preview:-1"},"canonical":"https:\/\/jarmuhonositas.hu\/en\/product\/maganszemely-kereskedo-kozotti-adasveteli-szerzodes-feherorosz-magyar\/","og_locale":"en_GB","og_type":"article","og_title":"Mag\u00e1nszem\u00e9ly-Keresked\u0151 k\u00f6z\u00f6tti ad\u00e1sv\u00e9teli szerz\u0151d\u00e9s (Feh\u00e9rorosz-Magyar) - G\u00e9pj\u00e1rm\u0171 honos\u00edt\u00e1s","og_description":"Mag\u00e1nszem\u00e9ly-Keresked\u0151 k\u00f6z\u00f6tti ad\u00e1sv\u00e9teli szerz\u0151d\u00e9s (Feh\u00e9rorosz-Magyar) - G\u00e9pj\u00e1rm\u0171 honos\u00edt\u00e1s","og_url":"https:\/\/jarmuhonositas.hu\/en\/product\/maganszemely-kereskedo-kozotti-adasveteli-szerzodes-feherorosz-magyar\/","og_site_name":"G\u00e9pj\u00e1rm\u0171 honos\u00edt\u00e1s","og_image":[{"width":1811,"height":2560,"url":"https:\/\/jarmuhonositas.hu\/wp-content\/uploads\/2024\/08\/ADASVETELI-SZERZODES-FEHEROROSZ-MAGYAR-MAGANSZEMELY-MAGANSZEMELY--scaled.webp","type":"image\/jpeg"}],"twitter_card":"summary_large_image","twitter_misc":{"Estimated reading time":"1 minute"},"schema":{"@context":"https:\/\/schema.org","@graph":[{"@type":"WebPage","@id":"https:\/\/jarmuhonositas.hu\/termek\/maganszemely-kereskedo-kozotti-adasveteli-szerzodes-feherorosz-magyar\/","url":"https:\/\/jarmuhonositas.hu\/termek\/maganszemely-kereskedo-kozotti-adasveteli-szerzodes-feherorosz-magyar\/","name":"Mag\u00e1nszem\u00e9ly-Keresked\u0151 k\u00f6z\u00f6tti ad\u00e1sv\u00e9teli szerz\u0151d\u00e9s (Feh\u00e9rorosz-Magyar) - G\u00e9pj\u00e1rm\u0171 honos\u00edt\u00e1s","isPartOf":{"@id":"https:\/\/jarmuhonositas.hu\/#website"},"primaryImageOfPage":{"@id":"https:\/\/jarmuhonositas.hu\/termek\/maganszemely-kereskedo-kozotti-adasveteli-szerzodes-feherorosz-magyar\/#primaryimage"},"image":{"@id":"https:\/\/jarmuhonositas.hu\/termek\/maganszemely-kereskedo-kozotti-adasveteli-szerzodes-feherorosz-magyar\/#primaryimage"},"thumbnailUrl":"https:\/\/i0.wp.com\/jarmuhonositas.hu\/wp-content\/uploads\/2024\/08\/ADASVETELI-SZERZODES-FEHEROROSZ-MAGYAR-MAGANSZEMELY-MAGANSZEMELY--scaled.webp?fit=1811%2C2560&ssl=1","datePublished":"2024-08-12T09:37:23+00:00","dateModified":"2024-08-12T09:37:23+00:00","description":"Mag\u00e1nszem\u00e9ly-Keresked\u0151 k\u00f6z\u00f6tti ad\u00e1sv\u00e9teli szerz\u0151d\u00e9s (Feh\u00e9rorosz-Magyar) - G\u00e9pj\u00e1rm\u0171 honos\u00edt\u00e1s","breadcrumb":{"@id":"https:\/\/jarmuhonositas.hu\/termek\/maganszemely-kereskedo-kozotti-adasveteli-szerzodes-feherorosz-magyar\/#breadcrumb"},"inLanguage":"en-GB","potentialAction":[{"@type":"ReadAction","target":["https:\/\/jarmuhonositas.hu\/termek\/maganszemely-kereskedo-kozotti-adasveteli-szerzodes-feherorosz-magyar\/"]}]},{"@type":"ImageObject","inLanguage":"en-GB","@id":"https:\/\/jarmuhonositas.hu\/termek\/maganszemely-kereskedo-kozotti-adasveteli-szerzodes-feherorosz-magyar\/#primaryimage","url":"https:\/\/i0.wp.com\/jarmuhonositas.hu\/wp-content\/uploads\/2024\/08\/ADASVETELI-SZERZODES-FEHEROROSZ-MAGYAR-MAGANSZEMELY-MAGANSZEMELY--scaled.webp?fit=1811%2C2560&ssl=1","contentUrl":"https:\/\/i0.wp.com\/jarmuhonositas.hu\/wp-content\/uploads\/2024\/08\/ADASVETELI-SZERZODES-FEHEROROSZ-MAGYAR-MAGANSZEMELY-MAGANSZEMELY--scaled.webp?fit=1811%2C2560&ssl=1","width":1811,"height":2560},{"@type":"BreadcrumbList","@id":"https:\/\/jarmuhonositas.hu\/termek\/maganszemely-kereskedo-kozotti-adasveteli-szerzodes-feherorosz-magyar\/#breadcrumb","itemListElement":[{"@type":"ListItem","position":1,"name":"Kezd\u0151lap","item":"https:\/\/jarmuhonositas.hu\/"},{"@type":"ListItem","position":2,"name":"Dokumentumok","item":"https:\/\/jarmuhonositas.hu\/gepjarmu-honositas-dokumentumok-es-vasarlas\/"},{"@type":"ListItem","position":3,"name":"Mag\u00e1nszem\u00e9ly-Keresked\u0151 k\u00f6z\u00f6tti ad\u00e1sv\u00e9teli szerz\u0151d\u00e9s (Feh\u00e9rorosz-Magyar)"}]},{"@type":"WebSite","@id":"https:\/\/jarmuhonositas.hu\/#website","url":"https:\/\/jarmuhonositas.hu\/","name":"G\u00e9pj\u00e1rm\u0171 honos\u00edt\u00e1s","description":"C\u00e9g\u00fcnk m\u00e1r 15 \u00e9ve foglalkozik g\u00e9pj\u00e1rm\u0171 honos\u00edt\u00e1ssal \u00e9s forgalomba helyez\u00e9ssel belf\u00f6ld\u00f6n \u00e9s k\u00fclf\u00f6ld\u00f6n egyat\u00e1nt. S\u0151t, el is hozzuk \u00d6nnek j\u00e1rm\u0171v\u00e9t.","publisher":{"@id":"https:\/\/jarmuhonositas.hu\/#organization"},"alternateName":"J\u00e1rm\u0171 honos\u00edt\u00e1s","potentialAction":[{"@type":"SearchAction","target":{"@type":"EntryPoint","urlTemplate":"https:\/\/jarmuhonositas.hu\/?s={search_term_string}"},"query-input":"required name=search_term_string"}],"inLanguage":"en-GB"},{"@type":"Organization","@id":"https:\/\/jarmuhonositas.hu\/#organization","name":"G\u00e9pj\u00e1rm\u0171 honos\u00edt\u00e1s","url":"https:\/\/jarmuhonositas.hu\/","logo":{"@type":"ImageObject","inLanguage":"en-GB","@id":"https:\/\/jarmuhonositas.hu\/#\/schema\/logo\/image\/","url":"https:\/\/jarmuhonositas.hu\/wp-content\/uploads\/2022\/08\/cropped-2640505b01da45d1bf2c26e504ae49e4-1.png","contentUrl":"https:\/\/jarmuhonositas.hu\/wp-content\/uploads\/2022\/08\/cropped-2640505b01da45d1bf2c26e504ae49e4-1.png","width":512,"height":512,"caption":"G\u00e9pj\u00e1rm\u0171 honos\u00edt\u00e1s"},"image":{"@id":"https:\/\/jarmuhonositas.hu\/#\/schema\/logo\/image\/"}}]}},"jetpack_sharing_enabled":true,"_links":{"self":[{"href":"https:\/\/jarmuhonositas.hu\/en\/wp-json\/wp\/v2\/product\/2495","targetHints":{"allow":["GET"]}}],"collection":[{"href":"https:\/\/jarmuhonositas.hu\/en\/wp-json\/wp\/v2\/product"}],"about":[{"href":"https:\/\/jarmuhonositas.hu\/en\/wp-json\/wp\/v2\/types\/product"}],"replies":[{"embeddable":true,"href":"https:\/\/jarmuhonositas.hu\/en\/wp-json\/wp\/v2\/comments?post=2495"}],"wp:featuredmedia":[{"embeddable":true,"href":"https:\/\/jarmuhonositas.hu\/en\/wp-json\/wp\/v2\/media\/2493"}],"wp:attachment":[{"href":"https:\/\/jarmuhonositas.hu\/en\/wp-json\/wp\/v2\/media?parent=2495"}],"wp:term":[{"taxonomy":"product_cat","embeddable":true,"href":"https:\/\/jarmuhonositas.hu\/en\/wp-json\/wp\/v2\/product_cat?post=2495"},{"taxonomy":"product_tag","embeddable":true,"href":"https:\/\/jarmuhonositas.hu\/en\/wp-json\/wp\/v2\/product_tag?post=2495"}],"curies":[{"name":"wp","href":"https:\/\/api.w.org\/{rel}","templated":true}]}}