{"id":3341,"date":"2025-02-25T10:27:08","date_gmt":"2025-02-25T10:27:08","guid":{"rendered":"https:\/\/jarmuhonositas.hu\/?post_type=product&#038;p=3341"},"modified":"2025-02-25T10:31:03","modified_gmt":"2025-02-25T10:31:03","slug":"coc-megrendeles-es-potlas","status":"publish","type":"product","link":"https:\/\/jarmuhonositas.hu\/en\/product\/coc-megrendeles-es-potlas\/","title":{"rendered":"COC megrendel\u00e9s \u00e9s p\u00f3tl\u00e1s"},"content":{"rendered":"<h2 data-start=\"570\" data-end=\"616\"><strong data-start=\"573\" data-end=\"614\">Mi az a COC \u00e9s kinek van r\u00e1 sz\u00fcks\u00e9ge?<\/strong><\/h2>\n<p data-start=\"618\" data-end=\"777\">A COC dokumentum egy gy\u00e1rt\u00f3i megfelel\u0151s\u00e9gi tan\u00fas\u00edtv\u00e1ny, amely igazolja, hogy a j\u00e1rm\u0171 teljes\u00edti az EU-s szabv\u00e1nyokat. Az al\u00e1bbi esetekben\u00a0<strong data-start=\"755\" data-end=\"774\">elengedhetetlen<\/strong>:<\/p>\n<p data-start=\"779\" data-end=\"1457\">\u2705\u00a0<strong data-start=\"781\" data-end=\"838\">Elektromos \u00e9s hibrid j\u00e1rm\u0171vek forgalomba helyez\u00e9sekor<\/strong>\u00a0\u2013 A hat\u00f3s\u00e1gok megk\u00f6vetelik ezt a dokumentumot, \u00edgy elengedhetetlen a beszerz\u00e9se.<br data-start=\"919\" data-end=\"922\" \/>\u2705\u00a0<strong data-start=\"924\" data-end=\"992\">Amerikai j\u00e1rm\u0171vek Magyarorsz\u00e1gon t\u00f6rt\u00e9n\u0151 forgalomba helyez\u00e9sekor<\/strong>\u00a0\u2013 Az Egyes\u00fclt \u00c1llamokban gy\u00e1rtott aut\u00f3k elt\u00e9r\u0151 szabv\u00e1nyokkal rendelkezhetnek, \u00edgy a COC igazolja az EU-s el\u0151\u00edr\u00e1soknak val\u00f3 megfelel\u00e9st.<br data-start=\"1128\" data-end=\"1131\" \/>\u2705\u00a0<strong data-start=\"1133\" data-end=\"1205\">Magyarorsz\u00e1gi j\u00e1rm\u0171 k\u00fclf\u00f6ldi forgalomba helyez\u00e9sekor (export eset\u00e9n)<\/strong>\u00a0\u2013 Ha k\u00fclf\u00f6ld\u00f6n szeretn\u00e9d forgalomba helyezni az aut\u00f3dat, sz\u00fcks\u00e9ged lesz erre a dokumentumra.<br data-start=\"1298\" data-end=\"1301\" \/>\u2705\u00a0<strong data-start=\"1303\" data-end=\"1356\">Soronk\u00edv\u00fcli honos\u00edt\u00e1s \/ gyors\u00edtott elj\u00e1r\u00e1s eset\u00e9n<\/strong>\u00a0\u2013 Ha gyors\u00edtott \u00fcgyint\u00e9z\u00e9sre van sz\u00fcks\u00e9ged, a COC dokumentum megl\u00e9te felgyors\u00edthatja a folyamatot.<\/p>\n<p data-start=\"1459\" data-end=\"1598\">\ud83d\udca1\u00a0<strong data-start=\"1462\" data-end=\"1473\">Fontos:<\/strong>\u00a0A COC dokumentum minden szem\u00e9lyg\u00e9pkocsi \u00e9s kisteheraut\u00f3 eset\u00e9ben sz\u00fcks\u00e9ges,\u00a0<strong data-start=\"1550\" data-end=\"1595\">maximum 3,5 tonna megengedett \u00f6sszt\u00f6megig<\/strong>.<\/p>\n<p data-start=\"1459\" data-end=\"1598\"><strong>V\u00e1s\u00e1rl\u00e1st k\u00f6vet\u0151en k\u00f6vesd az al\u00e1bbi l\u00e9p\u00e9seket<\/strong> (&#8220;COC Megrendel\u00e9s a Webshopon kereszt\u00fcl&#8221;: https:\/\/jarmuhonositas.hu\/coc-megrendeles-potlas\/<\/p>","protected":false},"excerpt":{"rendered":"<p data-start=\"618\" data-end=\"777\"><span style=\"text-decoration: underline; color: #000000;\"><strong>Mi az a COC \u00e9s kinek van r\u00e1 sz\u00fcks\u00e9ge?<\/strong><\/span><\/p>\n<p data-start=\"618\" data-end=\"777\"><span style=\"color: #000000;\">A COC dokumentum egy gy\u00e1rt\u00f3i megfelel\u0151s\u00e9gi tan\u00fas\u00edtv\u00e1ny, amely igazolja, hogy a j\u00e1rm\u0171 teljes\u00edti az EU-s szabv\u00e1nyokat. Az al\u00e1bbi esetekben\u00a0<strong data-start=\"755\" data-end=\"774\">elengedhetetlen<\/strong>:<\/span><\/p>\n<p data-start=\"779\" data-end=\"1457\"><span style=\"color: #000000;\">\u2705\u00a0<strong data-start=\"781\" data-end=\"838\">Elektromos \u00e9s hibrid j\u00e1rm\u0171vek forgalomba helyez\u00e9sekor<\/strong>\u00a0\u2013 A hat\u00f3s\u00e1gok megk\u00f6vetelik ezt a dokumentumot, \u00edgy elengedhetetlen a beszerz\u00e9se.<\/span><br data-start=\"919\" data-end=\"922\" \/><span style=\"color: #000000;\">\u2705\u00a0<strong data-start=\"924\" data-end=\"992\">Amerikai j\u00e1rm\u0171vek Magyarorsz\u00e1gon t\u00f6rt\u00e9n\u0151 forgalomba helyez\u00e9sekor<\/strong>\u00a0\u2013 Az Egyes\u00fclt \u00c1llamokban gy\u00e1rtott aut\u00f3k elt\u00e9r\u0151 szabv\u00e1nyokkal rendelkezhetnek, \u00edgy a COC igazolja az EU-s el\u0151\u00edr\u00e1soknak val\u00f3 megfelel\u00e9st.<\/span><br data-start=\"1128\" data-end=\"1131\" \/><span style=\"color: #000000;\">\u2705\u00a0<strong data-start=\"1133\" data-end=\"1205\">Magyarorsz\u00e1gi j\u00e1rm\u0171 k\u00fclf\u00f6ldi forgalomba helyez\u00e9sekor (export eset\u00e9n)<\/strong>\u00a0\u2013 Ha k\u00fclf\u00f6ld\u00f6n szeretn\u00e9d forgalomba helyezni az aut\u00f3dat, sz\u00fcks\u00e9ged lesz erre a dokumentumra.<\/span><br data-start=\"1298\" data-end=\"1301\" \/><span style=\"color: #000000;\">\u2705\u00a0<strong data-start=\"1303\" data-end=\"1356\">Soronk\u00edv\u00fcli honos\u00edt\u00e1s \/ gyors\u00edtott elj\u00e1r\u00e1s eset\u00e9n<\/strong>\u00a0\u2013 Ha gyors\u00edtott \u00fcgyint\u00e9z\u00e9sre van sz\u00fcks\u00e9ged, a COC dokumentum megl\u00e9te felgyors\u00edthatja a folyamatot.<\/span><\/p>\n<p data-start=\"1459\" data-end=\"1598\"><span style=\"color: #000000;\">\ud83d\udca1\u00a0<strong data-start=\"1462\" data-end=\"1473\">Fontos:<\/strong>\u00a0A COC dokumentum minden szem\u00e9lyg\u00e9pkocsi \u00e9s kisteheraut\u00f3 eset\u00e9ben sz\u00fcks\u00e9ges,\u00a0<strong data-start=\"1550\" data-end=\"1595\">maximum 3,5 tonna megengedett \u00f6sszt\u00f6megig<\/strong>.<\/span><\/p>\n<p data-start=\"1459\" data-end=\"1598\"><span style=\"color: #000000;\"><strong>V\u00e1s\u00e1rl\u00e1st k\u00f6vet\u0151en k\u00f6vesd az al\u00e1bbi l\u00e9p\u00e9seket<\/strong> (&#8220;COC Megrendel\u00e9s a Webshopon kereszt\u00fcl&#8221;: <a style=\"color: #000000;\" href=\"https:\/\/jarmuhonositas.hu\/en\/coc-megrendeles-potlas\/\">https:\/\/jarmuhonositas.hu\/coc-megrendeles-potlas\/<\/a><\/span><\/p>","protected":false},"featured_media":3269,"comment_status":"open","ping_status":"closed","template":"","meta":{"_et_pb_use_builder":"","_et_pb_old_content":"","_et_gb_content_width":""},"product_cat":[16],"product_tag":[],"class_list":{"0":"post-3341","1":"product","2":"type-product","3":"status-publish","4":"has-post-thumbnail","6":"product_cat-egyeb","8":"first","9":"instock","10":"taxable","11":"shipping-taxable","12":"purchasable","13":"product-type-simple"},"yoast_head":"<!-- This site is optimized with the Yoast SEO plugin v22.8 - https:\/\/yoast.com\/wordpress\/plugins\/seo\/ -->\n<title>COC megrendel\u00e9s \u00e9s p\u00f3tl\u00e1s - G\u00e9pj\u00e1rm\u0171 honos\u00edt\u00e1s<\/title>\n<meta name=\"description\" content=\"COC megrendel\u00e9s \u00e9s p\u00f3tl\u00e1s - G\u00e9pj\u00e1rm\u0171 honos\u00edt\u00e1s\" \/>\n<meta name=\"robots\" content=\"index, follow, max-snippet:-1, max-image-preview:large, max-video-preview:-1\" \/>\n<link rel=\"canonical\" href=\"https:\/\/jarmuhonositas.hu\/en\/product\/coc-megrendeles-es-potlas\/\" \/>\n<meta property=\"og:locale\" content=\"en_GB\" \/>\n<meta property=\"og:type\" content=\"article\" \/>\n<meta property=\"og:title\" content=\"COC megrendel\u00e9s \u00e9s p\u00f3tl\u00e1s - G\u00e9pj\u00e1rm\u0171 honos\u00edt\u00e1s\" \/>\n<meta property=\"og:description\" content=\"COC megrendel\u00e9s \u00e9s p\u00f3tl\u00e1s - G\u00e9pj\u00e1rm\u0171 honos\u00edt\u00e1s\" \/>\n<meta property=\"og:url\" content=\"https:\/\/jarmuhonositas.hu\/en\/product\/coc-megrendeles-es-potlas\/\" \/>\n<meta property=\"og:site_name\" content=\"G\u00e9pj\u00e1rm\u0171 honos\u00edt\u00e1s\" \/>\n<meta property=\"article:modified_time\" content=\"2025-02-25T10:31:03+00:00\" \/>\n<meta property=\"og:image\" content=\"https:\/\/jarmuhonositas.hu\/wp-content\/uploads\/2025\/02\/2.webp\" \/>\n\t<meta property=\"og:image:width\" content=\"1600\" \/>\n\t<meta property=\"og:image:height\" content=\"1160\" \/>\n\t<meta property=\"og:image:type\" content=\"image\/jpeg\" \/>\n<meta name=\"twitter:card\" content=\"summary_large_image\" \/>\n<meta name=\"twitter:label1\" content=\"Estimated reading time\" \/>\n\t<meta name=\"twitter:data1\" content=\"1 minute\" \/>\n<script type=\"application\/ld+json\" class=\"yoast-schema-graph\">{\"@context\":\"https:\/\/schema.org\",\"@graph\":[{\"@type\":\"WebPage\",\"@id\":\"https:\/\/jarmuhonositas.hu\/termek\/coc-megrendeles-es-potlas\/\",\"url\":\"https:\/\/jarmuhonositas.hu\/termek\/coc-megrendeles-es-potlas\/\",\"name\":\"COC megrendel\u00e9s \u00e9s p\u00f3tl\u00e1s - G\u00e9pj\u00e1rm\u0171 honos\u00edt\u00e1s\",\"isPartOf\":{\"@id\":\"https:\/\/jarmuhonositas.hu\/#website\"},\"primaryImageOfPage\":{\"@id\":\"https:\/\/jarmuhonositas.hu\/termek\/coc-megrendeles-es-potlas\/#primaryimage\"},\"image\":{\"@id\":\"https:\/\/jarmuhonositas.hu\/termek\/coc-megrendeles-es-potlas\/#primaryimage\"},\"thumbnailUrl\":\"https:\/\/i0.wp.com\/jarmuhonositas.hu\/wp-content\/uploads\/2025\/02\/2.webp?fit=1600%2C1160&ssl=1\",\"datePublished\":\"2025-02-25T10:27:08+00:00\",\"dateModified\":\"2025-02-25T10:31:03+00:00\",\"description\":\"COC megrendel\u00e9s \u00e9s p\u00f3tl\u00e1s - G\u00e9pj\u00e1rm\u0171 honos\u00edt\u00e1s\",\"breadcrumb\":{\"@id\":\"https:\/\/jarmuhonositas.hu\/termek\/coc-megrendeles-es-potlas\/#breadcrumb\"},\"inLanguage\":\"en-GB\",\"potentialAction\":[{\"@type\":\"ReadAction\",\"target\":[\"https:\/\/jarmuhonositas.hu\/termek\/coc-megrendeles-es-potlas\/\"]}]},{\"@type\":\"ImageObject\",\"inLanguage\":\"en-GB\",\"@id\":\"https:\/\/jarmuhonositas.hu\/termek\/coc-megrendeles-es-potlas\/#primaryimage\",\"url\":\"https:\/\/i0.wp.com\/jarmuhonositas.hu\/wp-content\/uploads\/2025\/02\/2.webp?fit=1600%2C1160&ssl=1\",\"contentUrl\":\"https:\/\/i0.wp.com\/jarmuhonositas.hu\/wp-content\/uploads\/2025\/02\/2.webp?fit=1600%2C1160&ssl=1\",\"width\":1600,\"height\":1160},{\"@type\":\"BreadcrumbList\",\"@id\":\"https:\/\/jarmuhonositas.hu\/termek\/coc-megrendeles-es-potlas\/#breadcrumb\",\"itemListElement\":[{\"@type\":\"ListItem\",\"position\":1,\"name\":\"Kezd\u0151lap\",\"item\":\"https:\/\/jarmuhonositas.hu\/\"},{\"@type\":\"ListItem\",\"position\":2,\"name\":\"Dokumentumok\",\"item\":\"https:\/\/jarmuhonositas.hu\/gepjarmu-honositas-dokumentumok-es-vasarlas\/\"},{\"@type\":\"ListItem\",\"position\":3,\"name\":\"COC megrendel\u00e9s \u00e9s p\u00f3tl\u00e1s\"}]},{\"@type\":\"WebSite\",\"@id\":\"https:\/\/jarmuhonositas.hu\/#website\",\"url\":\"https:\/\/jarmuhonositas.hu\/\",\"name\":\"G\u00e9pj\u00e1rm\u0171 honos\u00edt\u00e1s\",\"description\":\"C\u00e9g\u00fcnk m\u00e1r 15 \u00e9ve foglalkozik g\u00e9pj\u00e1rm\u0171 honos\u00edt\u00e1ssal \u00e9s forgalomba helyez\u00e9ssel belf\u00f6ld\u00f6n \u00e9s k\u00fclf\u00f6ld\u00f6n egyat\u00e1nt. S\u0151t, el is hozzuk \u00d6nnek j\u00e1rm\u0171v\u00e9t.\",\"publisher\":{\"@id\":\"https:\/\/jarmuhonositas.hu\/#organization\"},\"alternateName\":\"J\u00e1rm\u0171 honos\u00edt\u00e1s\",\"potentialAction\":[{\"@type\":\"SearchAction\",\"target\":{\"@type\":\"EntryPoint\",\"urlTemplate\":\"https:\/\/jarmuhonositas.hu\/?s={search_term_string}\"},\"query-input\":\"required name=search_term_string\"}],\"inLanguage\":\"en-GB\"},{\"@type\":\"Organization\",\"@id\":\"https:\/\/jarmuhonositas.hu\/#organization\",\"name\":\"G\u00e9pj\u00e1rm\u0171 honos\u00edt\u00e1s\",\"url\":\"https:\/\/jarmuhonositas.hu\/\",\"logo\":{\"@type\":\"ImageObject\",\"inLanguage\":\"en-GB\",\"@id\":\"https:\/\/jarmuhonositas.hu\/#\/schema\/logo\/image\/\",\"url\":\"https:\/\/jarmuhonositas.hu\/wp-content\/uploads\/2022\/08\/cropped-2640505b01da45d1bf2c26e504ae49e4-1.png\",\"contentUrl\":\"https:\/\/jarmuhonositas.hu\/wp-content\/uploads\/2022\/08\/cropped-2640505b01da45d1bf2c26e504ae49e4-1.png\",\"width\":512,\"height\":512,\"caption\":\"G\u00e9pj\u00e1rm\u0171 honos\u00edt\u00e1s\"},\"image\":{\"@id\":\"https:\/\/jarmuhonositas.hu\/#\/schema\/logo\/image\/\"}}]}<\/script>\n<!-- \/ Yoast SEO plugin. -->","yoast_head_json":{"title":"COC megrendel\u00e9s \u00e9s p\u00f3tl\u00e1s - G\u00e9pj\u00e1rm\u0171 honos\u00edt\u00e1s","description":"COC megrendel\u00e9s \u00e9s p\u00f3tl\u00e1s - G\u00e9pj\u00e1rm\u0171 honos\u00edt\u00e1s","robots":{"index":"index","follow":"follow","max-snippet":"max-snippet:-1","max-image-preview":"max-image-preview:large","max-video-preview":"max-video-preview:-1"},"canonical":"https:\/\/jarmuhonositas.hu\/en\/product\/coc-megrendeles-es-potlas\/","og_locale":"en_GB","og_type":"article","og_title":"COC megrendel\u00e9s \u00e9s p\u00f3tl\u00e1s - G\u00e9pj\u00e1rm\u0171 honos\u00edt\u00e1s","og_description":"COC megrendel\u00e9s \u00e9s p\u00f3tl\u00e1s - G\u00e9pj\u00e1rm\u0171 honos\u00edt\u00e1s","og_url":"https:\/\/jarmuhonositas.hu\/en\/product\/coc-megrendeles-es-potlas\/","og_site_name":"G\u00e9pj\u00e1rm\u0171 honos\u00edt\u00e1s","article_modified_time":"2025-02-25T10:31:03+00:00","og_image":[{"width":1600,"height":1160,"url":"https:\/\/jarmuhonositas.hu\/wp-content\/uploads\/2025\/02\/2.webp","type":"image\/jpeg"}],"twitter_card":"summary_large_image","twitter_misc":{"Estimated reading time":"1 minute"},"schema":{"@context":"https:\/\/schema.org","@graph":[{"@type":"WebPage","@id":"https:\/\/jarmuhonositas.hu\/termek\/coc-megrendeles-es-potlas\/","url":"https:\/\/jarmuhonositas.hu\/termek\/coc-megrendeles-es-potlas\/","name":"COC megrendel\u00e9s \u00e9s p\u00f3tl\u00e1s - G\u00e9pj\u00e1rm\u0171 honos\u00edt\u00e1s","isPartOf":{"@id":"https:\/\/jarmuhonositas.hu\/#website"},"primaryImageOfPage":{"@id":"https:\/\/jarmuhonositas.hu\/termek\/coc-megrendeles-es-potlas\/#primaryimage"},"image":{"@id":"https:\/\/jarmuhonositas.hu\/termek\/coc-megrendeles-es-potlas\/#primaryimage"},"thumbnailUrl":"https:\/\/i0.wp.com\/jarmuhonositas.hu\/wp-content\/uploads\/2025\/02\/2.webp?fit=1600%2C1160&ssl=1","datePublished":"2025-02-25T10:27:08+00:00","dateModified":"2025-02-25T10:31:03+00:00","description":"COC megrendel\u00e9s \u00e9s p\u00f3tl\u00e1s - G\u00e9pj\u00e1rm\u0171 honos\u00edt\u00e1s","breadcrumb":{"@id":"https:\/\/jarmuhonositas.hu\/termek\/coc-megrendeles-es-potlas\/#breadcrumb"},"inLanguage":"en-GB","potentialAction":[{"@type":"ReadAction","target":["https:\/\/jarmuhonositas.hu\/termek\/coc-megrendeles-es-potlas\/"]}]},{"@type":"ImageObject","inLanguage":"en-GB","@id":"https:\/\/jarmuhonositas.hu\/termek\/coc-megrendeles-es-potlas\/#primaryimage","url":"https:\/\/i0.wp.com\/jarmuhonositas.hu\/wp-content\/uploads\/2025\/02\/2.webp?fit=1600%2C1160&ssl=1","contentUrl":"https:\/\/i0.wp.com\/jarmuhonositas.hu\/wp-content\/uploads\/2025\/02\/2.webp?fit=1600%2C1160&ssl=1","width":1600,"height":1160},{"@type":"BreadcrumbList","@id":"https:\/\/jarmuhonositas.hu\/termek\/coc-megrendeles-es-potlas\/#breadcrumb","itemListElement":[{"@type":"ListItem","position":1,"name":"Kezd\u0151lap","item":"https:\/\/jarmuhonositas.hu\/"},{"@type":"ListItem","position":2,"name":"Dokumentumok","item":"https:\/\/jarmuhonositas.hu\/gepjarmu-honositas-dokumentumok-es-vasarlas\/"},{"@type":"ListItem","position":3,"name":"COC megrendel\u00e9s \u00e9s p\u00f3tl\u00e1s"}]},{"@type":"WebSite","@id":"https:\/\/jarmuhonositas.hu\/#website","url":"https:\/\/jarmuhonositas.hu\/","name":"G\u00e9pj\u00e1rm\u0171 honos\u00edt\u00e1s","description":"C\u00e9g\u00fcnk m\u00e1r 15 \u00e9ve foglalkozik g\u00e9pj\u00e1rm\u0171 honos\u00edt\u00e1ssal \u00e9s forgalomba helyez\u00e9ssel belf\u00f6ld\u00f6n \u00e9s k\u00fclf\u00f6ld\u00f6n egyat\u00e1nt. S\u0151t, el is hozzuk \u00d6nnek j\u00e1rm\u0171v\u00e9t.","publisher":{"@id":"https:\/\/jarmuhonositas.hu\/#organization"},"alternateName":"J\u00e1rm\u0171 honos\u00edt\u00e1s","potentialAction":[{"@type":"SearchAction","target":{"@type":"EntryPoint","urlTemplate":"https:\/\/jarmuhonositas.hu\/?s={search_term_string}"},"query-input":"required name=search_term_string"}],"inLanguage":"en-GB"},{"@type":"Organization","@id":"https:\/\/jarmuhonositas.hu\/#organization","name":"G\u00e9pj\u00e1rm\u0171 honos\u00edt\u00e1s","url":"https:\/\/jarmuhonositas.hu\/","logo":{"@type":"ImageObject","inLanguage":"en-GB","@id":"https:\/\/jarmuhonositas.hu\/#\/schema\/logo\/image\/","url":"https:\/\/jarmuhonositas.hu\/wp-content\/uploads\/2022\/08\/cropped-2640505b01da45d1bf2c26e504ae49e4-1.png","contentUrl":"https:\/\/jarmuhonositas.hu\/wp-content\/uploads\/2022\/08\/cropped-2640505b01da45d1bf2c26e504ae49e4-1.png","width":512,"height":512,"caption":"G\u00e9pj\u00e1rm\u0171 honos\u00edt\u00e1s"},"image":{"@id":"https:\/\/jarmuhonositas.hu\/#\/schema\/logo\/image\/"}}]}},"jetpack_sharing_enabled":true,"_links":{"self":[{"href":"https:\/\/jarmuhonositas.hu\/en\/wp-json\/wp\/v2\/product\/3341","targetHints":{"allow":["GET"]}}],"collection":[{"href":"https:\/\/jarmuhonositas.hu\/en\/wp-json\/wp\/v2\/product"}],"about":[{"href":"https:\/\/jarmuhonositas.hu\/en\/wp-json\/wp\/v2\/types\/product"}],"replies":[{"embeddable":true,"href":"https:\/\/jarmuhonositas.hu\/en\/wp-json\/wp\/v2\/comments?post=3341"}],"wp:featuredmedia":[{"embeddable":true,"href":"https:\/\/jarmuhonositas.hu\/en\/wp-json\/wp\/v2\/media\/3269"}],"wp:attachment":[{"href":"https:\/\/jarmuhonositas.hu\/en\/wp-json\/wp\/v2\/media?parent=3341"}],"wp:term":[{"taxonomy":"product_cat","embeddable":true,"href":"https:\/\/jarmuhonositas.hu\/en\/wp-json\/wp\/v2\/product_cat?post=3341"},{"taxonomy":"product_tag","embeddable":true,"href":"https:\/\/jarmuhonositas.hu\/en\/wp-json\/wp\/v2\/product_tag?post=3341"}],"curies":[{"name":"wp","href":"https:\/\/api.w.org\/{rel}","templated":true}]}}